{"id":15655,"date":"2023-05-04T12:32:15","date_gmt":"2023-05-04T10:32:15","guid":{"rendered":"https:\/\/www.calsina-carre.com\/?page_id=15655"},"modified":"2023-05-04T12:40:10","modified_gmt":"2023-05-04T10:40:10","slug":"ca-canal-etico","status":"publish","type":"page","link":"https:\/\/www.calsina-carre.com\/ca\/canal-etico\/","title":{"rendered":"Canal \u00e8tic"},"content":{"rendered":"<p class=\"p1\"><span class=\"s1\" style=\"color: #a2c7e2; font-size: 14pt;\"><b>Descripci\u00f3 del Canal \u00c8tic:<\/b><\/span><\/p>\n<p class=\"p2\"><span class=\"s2\">A CALSINA CARR\u00c9 apostem per la transpar\u00e8ncia, l'honestedat i el respecte en la nostra manera d'actuar, i treballem per a oferir el millor servei tant a la nostra plantilla com als clients i col\u00b7laboradors. <\/span><\/p>\n<p class=\"p2\"><span class=\"s2\">Per aquest motiu,\u00a0a CALSINA\u00a0CARR\u00c9 exsteix el Canal \u00c8tic. Un mitj\u00e0 on es pot comunicar qualsevol possible incompliment o irregularitat que pugui passar dins l'organitzaci\u00f3, tal com es descriu en la Llei 2\/2023 de 20 de febrer, reguladora de la protecci\u00f3 de les persones que informin sobre infraccions normatives i de lluita contra la corrupci\u00f3.<\/span><\/p>\n<p class=\"p2\"><span class=\"s2\">A \u00a0CALSINA\u00a0CARR\u00c9 estem conven\u00e7uts que aquest Canal enforteix la nostra cultura de la informaci\u00f3 i comunicaci\u00f3, al mateix temps que fomenta una integritat de la nostra organitzaci\u00f3.<\/span><\/p>\n<p class=\"p1\"><span class=\"s1\" style=\"color: #a2c7e2; font-size: 14pt;\"><b>Comunicar a trav\u00e9s del Canal \u00c8tic:<\/b><\/span><\/p>\n<p class=\"p4\"><span class=\"s2\">A continuaci\u00f3 et mostrem com podr\u00e0s comunicar de manera confidencial a l'organitzaci\u00f3, aquelles conductes o activitats que segons la Llei 2\/2023 de 20 de febrer, podrien suposar una irregularitat.<\/span><\/p>\n<p class=\"p5\"><span class=\"s2\" style=\"font-size: 14pt;\"><b><span style=\"color: #a2c7e2;\">OPCI\u00d3\u00a01: Enviar una notificaci\u00f3 a trav\u00e9s d'APP m\u00f2bil.<\/span> <\/b><\/span><\/p>\n<p class=\"p4\"><span class=\"s2\">Segueix aquests senzills passos:<\/span><\/p>\n<ol class=\"ol1\">\n<li class=\"li6\"><span class=\"s3\">Descarrega't l'app\u00a0CO-RESOL. \u00c9s gratu\u00efta i est\u00e0 disponible a App Store i Google\u00a0Play.<\/span><\/li>\n<li class=\"li6\"><span class=\"s3\">Pr\u00e9mer l'opci\u00f3 \u201cFer un clic\u201d i introdueix el codi \"<b>CALSINA\"<\/b>.<\/span><\/li>\n<li class=\"li6\"><span class=\"s3\">Selecciona l'opci\u00f3 de \u201cCanal\u00a0\u00c8tic\u201d.\u00a0Calsina\u00a0Carr\u00e9<\/span><\/li>\n<li class=\"li6\"><span class=\"s3\">Escriu\u00a0el teu missatge i tracta de ser tan espec\u00edfic com puguis. Podr\u00e0s adjuntar imatges i documents a la comunicaci\u00f3.<\/span><\/li>\n<li class=\"li6\"><span class=\"s3\">Identifica't o continua de manera an\u00f2nima. En qualsevol dels dos casos haur\u00e0s d'acceptar la Pol\u00edtica de Privacitat.<\/span><\/li>\n<li class=\"li6\"><span class=\"s3\">Llest! Rebr\u00e0s un missatge indicant-te que el clic ha estat enviat.<\/span><\/li>\n<\/ol>\n<p class=\"p7\"><span class=\"s2\"> <b> <img decoding=\"async\" class=\"alignnone size-medium wp-image-15656\" src=\"https:\/\/www.calsina-carre.com\/wp-content\/uploads\/2023\/05\/codigo-etico-web-300x158.png\" alt=\"\" width=\"300\" height=\"158\" srcset=\"https:\/\/www.calsina-carre.com\/wp-content\/uploads\/2023\/05\/codigo-etico-web-300x158.png 300w, https:\/\/www.calsina-carre.com\/wp-content\/uploads\/2023\/05\/codigo-etico-web-18x10.png 18w, https:\/\/www.calsina-carre.com\/wp-content\/uploads\/2023\/05\/codigo-etico-web.png 538w\" sizes=\"(max-width: 300px) 100vw, 300px\" \/><\/b><\/span><\/p>\n<p class=\"p2\"><span class=\"s2\">A partir d'aquest moment, ens posarem a treballar per a resoldre la incid\u00e8ncia en el menor temps possible i contactarem amb tu a trav\u00e9s del xat de l'app per a recaptar m\u00e9s informaci\u00f3 o per a informar-te de l'estat de la tramitaci\u00f3.<\/span><\/p>\n<p class=\"p5\"><span class=\"s2\" style=\"color: #a2c7e2; font-size: 14pt;\"><b>OPCI\u00d3\u00a01: Enviar una notificaci\u00f3 a trav\u00e9s d'APP m\u00f2bil.<\/b><\/span><\/p>\n<p class=\"p2\"><span class=\"s2\">En lloc de descarregar l'APP en el teu dispositiu m\u00f2bil, tamb\u00e9 tens la possibilitat de realitzar comunicacions mitjan\u00e7ant el seg\u00fcent enlla\u00e7 a la web de\u00a0Co-resol. <\/span><\/p>\n<p class=\"p8 translation-block\"><span class=\"s2\">LINK WEB: <a href=\"https:\/\/co-resol.bcnresol.com\/ca\/webclick\" target=\"_self\"><span class=\"s1\">https:\/\/co-resol.bcnresol.com\/ca\/webclick<\/span><\/a><\/span><\/p>\n<p class=\"p8\"><span class=\"s2\">Una vegada accedit a la p\u00e0gina web deur\u00e0s:<\/span><\/p>\n<ol class=\"ol1\">\n<li class=\"li9\"><span class=\"s3\">Pr\u00e9mer l'opci\u00f3 \u201cFer un clic\u201d. <\/span><\/li>\n<li class=\"li6\"><span class=\"s3\">A continuaci\u00f3 introduir la paraula clau \u201cCALSINA\u201d.<\/span><\/li>\n<li class=\"li6\"><span class=\"s3\">Escriure el missatge de forma m\u00e9s espec\u00edfica i clara possible.\u00a0 Podr\u00e0s adjuntar imatges i documents a la comunicaci\u00f3.<span class=\"Apple-converted-space\">\u00a0 <\/span>Podr\u00e1s adjuntar im\u00e1genes y documentos a la comunicaci\u00f3n.<\/span><\/li>\n<li class=\"li6\"><span class=\"s3\">Identifica't o continua de manera an\u00f2nima. En qualsevol dels dos casos haur\u00e0s d'acceptar la Pol\u00edtica de Privacitat.<\/span><\/li>\n<li class=\"li6\"><span class=\"s3\">Llest! Rebr\u00e0s un missatge indicant-te que el clic ha estat enviat.<\/span><\/li>\n<\/ol>\n<p class=\"p1\"><span class=\"s1\" style=\"font-size: 14pt; color: #a2c7e2;\"><b>Aspectes sobre l'\u00fas i maneig del canal<\/b><\/span><\/p>\n<p class=\"p12\"><span class=\"s2\">T'informem que al canal permet tant realitzar comunicacions per primera vegada com accedir a comunicacions pr\u00e8vies realitzades per a poder fer seguiment d'aquestes.<\/span><\/p>\n<p class=\"p13\"><span class=\"s2\">Aix\u00ed mateix, t'informem que el canal garanteix permanentment la confidencialitat de la persona que realitza la notificaci\u00f3. Tret que volunt\u00e0riament desitgis identificar-te.<\/span><\/p>\n<p class=\"p2\"><span class=\"s2\">Aix\u00ed mateix, et recordem que el Canal \u00c8tic nom\u00e9s gestiona activitats relacionades amb conductes irregulars descrites en Llei 2\/2023, de 20 de febrer. <\/span><\/p>\n<p class=\"p2\"><span class=\"s2\">Per a altres q\u00fcestions podr\u00e0s dirigir-te a l'apartat de contacte de la nostra p\u00e0gina web: <a href=\"https:\/\/www.calsina-carre.com\/ca\/contacto\/\"><span class=\"s1\">https:\/\/www.calsina-carre.com\/contacto\/<\/span><\/a><\/span><\/p>\n<p class=\"p15\"><span class=\"s2\">Moltes gr\u00e0cies <\/span><\/p>","protected":false},"excerpt":{"rendered":"<p>Descripci\u00f3n del Canal \u00c9tico: En CALSINA CARR\u00c9 apostamos por la transparencia, la honestidad y el respeto en nuestra forma de actuar, y trabajamos para ofrecer el mejor servicio tanto a nuestra plantilla como a los clientes y colaboradores. Por ese motivo, CALSINA CARR\u00c9 ha creado el Canal \u00c9tico. Un canal donde se puede comunicar cualquier [&hellip;]<\/p>\n","protected":false},"author":1,"featured_media":0,"parent":0,"menu_order":0,"comment_status":"closed","ping_status":"closed","template":"","meta":{"site-sidebar-layout":"default","site-content-layout":"default","ast-site-content-layout":"default","site-content-style":"default","site-sidebar-style":"default","ast-global-header-display":"","ast-banner-title-visibility":"","ast-main-header-display":"","ast-hfb-above-header-display":"","ast-hfb-below-header-display":"","ast-hfb-mobile-header-display":"","site-post-title":"","ast-breadcrumbs-content":"","ast-featured-img":"","footer-sml-layout":"","ast-disable-related-posts":"","theme-transparent-header-meta":"default","adv-header-id-meta":"","stick-header-meta":"","header-above-stick-meta":"","header-main-stick-meta":"","header-below-stick-meta":"","astra-migrate-meta-layouts":"default","ast-page-background-enabled":"default","ast-page-background-meta":{"desktop":{"background-color":"","background-image":"","background-repeat":"repeat","background-position":"center center","background-size":"auto","background-attachment":"scroll","background-type":"","background-media":"","overlay-type":"","overlay-color":"","overlay-opacity":"","overlay-gradient":""},"tablet":{"background-color":"","background-image":"","background-repeat":"repeat","background-position":"center center","background-size":"auto","background-attachment":"scroll","background-type":"","background-media":"","overlay-type":"","overlay-color":"","overlay-opacity":"","overlay-gradient":""},"mobile":{"background-color":"","background-image":"","background-repeat":"repeat","background-position":"center center","background-size":"auto","background-attachment":"scroll","background-type":"","background-media":"","overlay-type":"","overlay-color":"","overlay-opacity":"","overlay-gradient":""}},"ast-content-background-meta":{"desktop":{"background-color":"var(--ast-global-color-5)","background-image":"","background-repeat":"repeat","background-position":"center center","background-size":"auto","background-attachment":"scroll","background-type":"","background-media":"","overlay-type":"","overlay-color":"","overlay-opacity":"","overlay-gradient":""},"tablet":{"background-color":"var(--ast-global-color-5)","background-image":"","background-repeat":"repeat","background-position":"center center","background-size":"auto","background-attachment":"scroll","background-type":"","background-media":"","overlay-type":"","overlay-color":"","overlay-opacity":"","overlay-gradient":""},"mobile":{"background-color":"var(--ast-global-color-5)","background-image":"","background-repeat":"repeat","background-position":"center center","background-size":"auto","background-attachment":"scroll","background-type":"","background-media":"","overlay-type":"","overlay-color":"","overlay-opacity":"","overlay-gradient":""}},"footnotes":""},"class_list":["post-15655","page","type-page","status-publish","hentry"],"yoast_head":"<!-- This site is optimized with the Yoast SEO plugin v27.3 - https:\/\/yoast.com\/product\/yoast-seo-wordpress\/ -->\n<title>Canal \u00e9tico - Calsina Carr\u00e9 Transports &amp; Logistics<\/title>\n<meta name=\"robots\" content=\"index, follow, max-snippet:-1, max-image-preview:large, max-video-preview:-1\" \/>\n<link rel=\"canonical\" href=\"https:\/\/www.calsina-carre.com\/ca\/ca-canal-etico\/\" \/>\n<meta property=\"og:locale\" content=\"ca_ES\" \/>\n<meta property=\"og:type\" content=\"article\" \/>\n<meta property=\"og:title\" content=\"Canal \u00e9tico - Calsina Carr\u00e9 Transports &amp; Logistics\" \/>\n<meta property=\"og:description\" content=\"Descripci\u00f3n del Canal \u00c9tico: En CALSINA CARR\u00c9 apostamos por la transparencia, la honestidad y el respeto en nuestra forma de actuar, y trabajamos para ofrecer el mejor servicio tanto a nuestra plantilla como a los clientes y colaboradores. Por ese motivo, CALSINA CARR\u00c9 ha creado el Canal \u00c9tico. Un canal donde se puede comunicar cualquier [&hellip;]\" \/>\n<meta property=\"og:url\" content=\"https:\/\/www.calsina-carre.com\/ca\/ca-canal-etico\/\" \/>\n<meta property=\"og:site_name\" content=\"Calsina Carr\u00e9 Transports &amp; Logistics\" \/>\n<meta property=\"article:modified_time\" content=\"2023-05-04T10:40:10+00:00\" \/>\n<meta property=\"og:image\" content=\"https:\/\/www.calsina-carre.com\/wp-content\/uploads\/2023\/05\/codigo-etico-web-300x158.png\" \/>\n<meta name=\"twitter:card\" content=\"summary_large_image\" \/>\n<meta name=\"twitter:label1\" content=\"Temps estimat de lectura\" \/>\n\t<meta name=\"twitter:data1\" content=\"3 minuts\" \/>\n<script type=\"application\/ld+json\" class=\"yoast-schema-graph\">{\"@context\":\"https:\\\/\\\/schema.org\",\"@graph\":[{\"@type\":\"WebPage\",\"@id\":\"https:\\\/\\\/www.calsina-carre.com\\\/en\\\/canal-etico\\\/\",\"url\":\"https:\\\/\\\/www.calsina-carre.com\\\/en\\\/canal-etico\\\/\",\"name\":\"Canal \u00e9tico - Calsina Carr\u00e9 Transports &amp; Logistics\",\"isPartOf\":{\"@id\":\"https:\\\/\\\/www.calsina-carre.com\\\/ca\\\/#website\"},\"primaryImageOfPage\":{\"@id\":\"https:\\\/\\\/www.calsina-carre.com\\\/en\\\/canal-etico\\\/#primaryimage\"},\"image\":{\"@id\":\"https:\\\/\\\/www.calsina-carre.com\\\/en\\\/canal-etico\\\/#primaryimage\"},\"thumbnailUrl\":\"https:\\\/\\\/www.calsina-carre.com\\\/wp-content\\\/uploads\\\/2023\\\/05\\\/codigo-etico-web-300x158.png\",\"datePublished\":\"2023-05-04T10:32:15+00:00\",\"dateModified\":\"2023-05-04T10:40:10+00:00\",\"breadcrumb\":{\"@id\":\"https:\\\/\\\/www.calsina-carre.com\\\/en\\\/canal-etico\\\/#breadcrumb\"},\"inLanguage\":\"ca\",\"potentialAction\":[{\"@type\":\"ReadAction\",\"target\":[\"https:\\\/\\\/www.calsina-carre.com\\\/en\\\/canal-etico\\\/\"]}]},{\"@type\":\"ImageObject\",\"inLanguage\":\"ca\",\"@id\":\"https:\\\/\\\/www.calsina-carre.com\\\/en\\\/canal-etico\\\/#primaryimage\",\"url\":\"https:\\\/\\\/www.calsina-carre.com\\\/wp-content\\\/uploads\\\/2023\\\/05\\\/codigo-etico-web-300x158.png\",\"contentUrl\":\"https:\\\/\\\/www.calsina-carre.com\\\/wp-content\\\/uploads\\\/2023\\\/05\\\/codigo-etico-web-300x158.png\"},{\"@type\":\"BreadcrumbList\",\"@id\":\"https:\\\/\\\/www.calsina-carre.com\\\/en\\\/canal-etico\\\/#breadcrumb\",\"itemListElement\":[{\"@type\":\"ListItem\",\"position\":1,\"name\":\"Portada\",\"item\":\"https:\\\/\\\/www.calsina-carre.com\\\/\"},{\"@type\":\"ListItem\",\"position\":2,\"name\":\"Canal \u00e9tico\"}]},{\"@type\":\"WebSite\",\"@id\":\"https:\\\/\\\/www.calsina-carre.com\\\/ca\\\/#website\",\"url\":\"https:\\\/\\\/www.calsina-carre.com\\\/ca\\\/\",\"name\":\"Calsina Carr\u00e9 Transports &amp; Logistics\",\"description\":\"Transports &amp; Logistics\",\"publisher\":{\"@id\":\"https:\\\/\\\/www.calsina-carre.com\\\/ca\\\/#organization\"},\"potentialAction\":[{\"@type\":\"SearchAction\",\"target\":{\"@type\":\"EntryPoint\",\"urlTemplate\":\"https:\\\/\\\/www.calsina-carre.com\\\/ca\\\/?s={search_term_string}\"},\"query-input\":{\"@type\":\"PropertyValueSpecification\",\"valueRequired\":true,\"valueName\":\"search_term_string\"}}],\"inLanguage\":\"ca\"},{\"@type\":\"Organization\",\"@id\":\"https:\\\/\\\/www.calsina-carre.com\\\/ca\\\/#organization\",\"name\":\"Calsina Carr\u00e9 Transports &amp; Logistics\",\"url\":\"https:\\\/\\\/www.calsina-carre.com\\\/ca\\\/\",\"logo\":{\"@type\":\"ImageObject\",\"inLanguage\":\"ca\",\"@id\":\"https:\\\/\\\/www.calsina-carre.com\\\/ca\\\/#\\\/schema\\\/logo\\\/image\\\/\",\"url\":\"https:\\\/\\\/www.calsina-carre.com\\\/wp-content\\\/uploads\\\/2021\\\/01\\\/LOGO-CALSINA-CARRE.png\",\"contentUrl\":\"https:\\\/\\\/www.calsina-carre.com\\\/wp-content\\\/uploads\\\/2021\\\/01\\\/LOGO-CALSINA-CARRE.png\",\"width\":1682,\"height\":1029,\"caption\":\"Calsina Carr\u00e9 Transports &amp; Logistics\"},\"image\":{\"@id\":\"https:\\\/\\\/www.calsina-carre.com\\\/ca\\\/#\\\/schema\\\/logo\\\/image\\\/\"}}]}<\/script>\n<!-- \/ Yoast SEO plugin. -->","yoast_head_json":{"title":"Canal \u00e9tico - Calsina Carr\u00e9 Transports &amp; Logistics","robots":{"index":"index","follow":"follow","max-snippet":"max-snippet:-1","max-image-preview":"max-image-preview:large","max-video-preview":"max-video-preview:-1"},"canonical":"https:\/\/www.calsina-carre.com\/ca\/ca-canal-etico\/","og_locale":"ca_ES","og_type":"article","og_title":"Canal \u00e9tico - Calsina Carr\u00e9 Transports &amp; Logistics","og_description":"Descripci\u00f3n del Canal \u00c9tico: En CALSINA CARR\u00c9 apostamos por la transparencia, la honestidad y el respeto en nuestra forma de actuar, y trabajamos para ofrecer el mejor servicio tanto a nuestra plantilla como a los clientes y colaboradores. Por ese motivo, CALSINA CARR\u00c9 ha creado el Canal \u00c9tico. Un canal donde se puede comunicar cualquier [&hellip;]","og_url":"https:\/\/www.calsina-carre.com\/ca\/ca-canal-etico\/","og_site_name":"Calsina Carr\u00e9 Transports &amp; Logistics","article_modified_time":"2023-05-04T10:40:10+00:00","og_image":[{"url":"https:\/\/www.calsina-carre.com\/wp-content\/uploads\/2023\/05\/codigo-etico-web-300x158.png","type":"","width":"","height":""}],"twitter_card":"summary_large_image","twitter_misc":{"Temps estimat de lectura":"3 minuts"},"schema":{"@context":"https:\/\/schema.org","@graph":[{"@type":"WebPage","@id":"https:\/\/www.calsina-carre.com\/en\/canal-etico\/","url":"https:\/\/www.calsina-carre.com\/en\/canal-etico\/","name":"Canal \u00e9tico - Calsina Carr\u00e9 Transports &amp; Logistics","isPartOf":{"@id":"https:\/\/www.calsina-carre.com\/ca\/#website"},"primaryImageOfPage":{"@id":"https:\/\/www.calsina-carre.com\/en\/canal-etico\/#primaryimage"},"image":{"@id":"https:\/\/www.calsina-carre.com\/en\/canal-etico\/#primaryimage"},"thumbnailUrl":"https:\/\/www.calsina-carre.com\/wp-content\/uploads\/2023\/05\/codigo-etico-web-300x158.png","datePublished":"2023-05-04T10:32:15+00:00","dateModified":"2023-05-04T10:40:10+00:00","breadcrumb":{"@id":"https:\/\/www.calsina-carre.com\/en\/canal-etico\/#breadcrumb"},"inLanguage":"ca","potentialAction":[{"@type":"ReadAction","target":["https:\/\/www.calsina-carre.com\/en\/canal-etico\/"]}]},{"@type":"ImageObject","inLanguage":"ca","@id":"https:\/\/www.calsina-carre.com\/en\/canal-etico\/#primaryimage","url":"https:\/\/www.calsina-carre.com\/wp-content\/uploads\/2023\/05\/codigo-etico-web-300x158.png","contentUrl":"https:\/\/www.calsina-carre.com\/wp-content\/uploads\/2023\/05\/codigo-etico-web-300x158.png"},{"@type":"BreadcrumbList","@id":"https:\/\/www.calsina-carre.com\/en\/canal-etico\/#breadcrumb","itemListElement":[{"@type":"ListItem","position":1,"name":"Portada","item":"https:\/\/www.calsina-carre.com\/"},{"@type":"ListItem","position":2,"name":"Canal \u00e9tico"}]},{"@type":"WebSite","@id":"https:\/\/www.calsina-carre.com\/ca\/#website","url":"https:\/\/www.calsina-carre.com\/ca\/","name":"Calsina Carr\u00e9 Transports &amp; Logistics","description":"Transports &amp; Logistics","publisher":{"@id":"https:\/\/www.calsina-carre.com\/ca\/#organization"},"potentialAction":[{"@type":"SearchAction","target":{"@type":"EntryPoint","urlTemplate":"https:\/\/www.calsina-carre.com\/ca\/?s={search_term_string}"},"query-input":{"@type":"PropertyValueSpecification","valueRequired":true,"valueName":"search_term_string"}}],"inLanguage":"ca"},{"@type":"Organization","@id":"https:\/\/www.calsina-carre.com\/ca\/#organization","name":"Calsina Carr\u00e9 Transports &amp; Logistics","url":"https:\/\/www.calsina-carre.com\/ca\/","logo":{"@type":"ImageObject","inLanguage":"ca","@id":"https:\/\/www.calsina-carre.com\/ca\/#\/schema\/logo\/image\/","url":"https:\/\/www.calsina-carre.com\/wp-content\/uploads\/2021\/01\/LOGO-CALSINA-CARRE.png","contentUrl":"https:\/\/www.calsina-carre.com\/wp-content\/uploads\/2021\/01\/LOGO-CALSINA-CARRE.png","width":1682,"height":1029,"caption":"Calsina Carr\u00e9 Transports &amp; Logistics"},"image":{"@id":"https:\/\/www.calsina-carre.com\/ca\/#\/schema\/logo\/image\/"}}]}},"_links":{"self":[{"href":"https:\/\/www.calsina-carre.com\/ca\/wp-json\/wp\/v2\/pages\/15655","targetHints":{"allow":["GET"]}}],"collection":[{"href":"https:\/\/www.calsina-carre.com\/ca\/wp-json\/wp\/v2\/pages"}],"about":[{"href":"https:\/\/www.calsina-carre.com\/ca\/wp-json\/wp\/v2\/types\/page"}],"author":[{"embeddable":true,"href":"https:\/\/www.calsina-carre.com\/ca\/wp-json\/wp\/v2\/users\/1"}],"replies":[{"embeddable":true,"href":"https:\/\/www.calsina-carre.com\/ca\/wp-json\/wp\/v2\/comments?post=15655"}],"version-history":[{"count":0,"href":"https:\/\/www.calsina-carre.com\/ca\/wp-json\/wp\/v2\/pages\/15655\/revisions"}],"wp:attachment":[{"href":"https:\/\/www.calsina-carre.com\/ca\/wp-json\/wp\/v2\/media?parent=15655"}],"curies":[{"name":"wp","href":"https:\/\/api.w.org\/{rel}","templated":true}]}}