{"id":15655,"date":"2023-05-04T12:32:15","date_gmt":"2023-05-04T10:32:15","guid":{"rendered":"https:\/\/www.calsina-carre.com\/?page_id=15655"},"modified":"2023-05-04T12:40:10","modified_gmt":"2023-05-04T10:40:10","slug":"en-canal-etico","status":"publish","type":"page","link":"https:\/\/www.calsina-carre.com\/en\/canal-etico\/","title":{"rendered":"Ethical Channel"},"content":{"rendered":"<p class=\"p1\"><span class=\"s1\" style=\"color: #a2c7e2; font-size: 14pt;\"><b>Description of the Ethical Channel:<\/b><\/span><\/p>\n<p class=\"p2\"><span class=\"s2\">At CALSINA CARRE we are committed to transparency, honesty and respect in the way we act, and we work to offer the best service both to our staff and to our customers and collaborators. <\/span><\/p>\n<p class=\"p2\"><span class=\"s2\">For this reason, CALSINA CARRE has created the Ethical Channel. A channel where you can report any possible non-compliance or irregularity in the organization as described in Law 2\/2023, of February 20, regulating the protection of persons who report regulatory violations and anti-corruption.<\/span><\/p>\n<p class=\"p2\"><span class=\"s2\">At CALSINA CARRE we are convinced that this Channel strengthens our culture of information and communication, while promoting the integrity of our organization.<\/span><\/p>\n<p class=\"p1\"><span class=\"s1\" style=\"color: #a2c7e2; font-size: 14pt;\"><b>Communicate through the Ethical Channel:<\/b><\/span><\/p>\n<p class=\"p4\"><span class=\"s2\">Below we show you how you can confidentially communicate to the organization those behaviors or activities that according to Law 2\/2023, of February 20, could involve an irregularity.<\/span><\/p>\n<p class=\"p5\"><span class=\"s2\" style=\"font-size: 14pt;\"><b><span style=\"color: #a2c7e2;\">OPTION 1: Send a notification through the mobile APP.<\/span> <\/b><\/span><\/p>\n<p class=\"p4\"><span class=\"s2\">Follow these simple steps:<\/span><\/p>\n<ol class=\"ol1\">\n<li class=\"li6\"><span class=\"s3\">Download the CO-RESOL app. It is free and available on App Store and Google Play.<\/span><\/li>\n<li class=\"li6\"><span class=\"s3\">Click on the \"click\" button and enter the code \"<b>CALSINA\u201d<\/b>.<\/span><\/li>\n<li class=\"li6\"><span class=\"s3\">Select the \"Canal \u00c8tic\" option. Calsina Carr\u00e9<\/span><\/li>\n<li class=\"li6\"><span class=\"s3\">Write your message and try to be as specific as possible. You will be able to attach images and documents to the communication.<\/span><\/li>\n<li class=\"li6\"><span class=\"s3\">Identify yourself or continue anonymously. In either case you must accept the Privacy Policy.<\/span><\/li>\n<li class=\"li6\"><span class=\"s3\">That's it! You will receive a message indicating that the click has been sent.<\/span><\/li>\n<\/ol>\n<p class=\"p7\"><span class=\"s2\"> <b> <img decoding=\"async\" class=\"alignnone size-medium wp-image-15656\" src=\"https:\/\/www.calsina-carre.com\/wp-content\/uploads\/2023\/05\/codigo-etico-web-300x158.png\" alt=\"\" width=\"300\" height=\"158\" srcset=\"https:\/\/www.calsina-carre.com\/wp-content\/uploads\/2023\/05\/codigo-etico-web-300x158.png 300w, https:\/\/www.calsina-carre.com\/wp-content\/uploads\/2023\/05\/codigo-etico-web-18x10.png 18w, https:\/\/www.calsina-carre.com\/wp-content\/uploads\/2023\/05\/codigo-etico-web.png 538w\" sizes=\"(max-width: 300px) 100vw, 300px\" \/><\/b><\/span><\/p>\n<p class=\"p2\"><span class=\"s2\">From that moment on, we will start working to solve the incident in the shortest time possible and we will contact you through the app chat to get more information or to inform you about the status of the processing.<\/span><\/p>\n<p class=\"p5\"><span class=\"s2\" style=\"color: #a2c7e2; font-size: 14pt;\"><b>OPTION 2: Send a notification through the web<\/b><\/span><\/p>\n<p class=\"p2\"><span class=\"s2\">Instead of downloading the APP on your mobile device, you also have the possibility to make communications through the following link to the Co-resol website. <\/span><\/p>\n<p class=\"p8 translation-block\">WEB LINK: https:\/\/co-resol.bcnresol.com\/ca\/webclick<\/p>\n<p class=\"p8\"><span class=\"s2\">Once you have accessed the web page you should:<\/span><\/p>\n<ol class=\"ol1\">\n<li class=\"li9\"><span class=\"s3\">Click on the option \"Make a click\". <\/span><\/li>\n<li class=\"li6\"><span class=\"s3\">Then enter the keyword \"CALSINA\".<\/span><\/li>\n<li class=\"li6\"><span class=\"s3\">Escribir el mensaje de forma m\u00e1s espec\u00edfica y clara posible.<span class=\"Apple-converted-space\">\u00a0 <\/span>Podr\u00e1s adjuntar im\u00e1genes y documentos a la comunicaci\u00f3n.<\/span><\/li>\n<li class=\"li6\"><span class=\"s3\">Identify yourself or continue anonymously. In either case you must accept the Privacy Policy.<\/span><\/li>\n<li class=\"li6\"><span class=\"s3\">That's it! You will receive a message indicating that the click has been sent.<\/span><\/li>\n<\/ol>\n<p class=\"p1\"><span class=\"s1\" style=\"font-size: 14pt; color: #a2c7e2;\"><b>Aspects on the use and management of the channel<\/b><\/span><\/p>\n<p class=\"p12\"><span class=\"s2\">We inform you that the channel allows you to make communications for the first time as well as to access previous communications in order to follow up on them.<\/span><\/p>\n<p class=\"p13\"><span class=\"s2\">Likewise, we inform you that the channel permanently guarantees the confidentiality of the person making the notification. Unless you voluntarily wish to identify yourself.<\/span><\/p>\n<p class=\"p2\"><span class=\"s2\">Likewise, we remind you that the Ethics Channel only manages activities related to irregular conduct described in Law 2\/2023, of February 20. <\/span><\/p>\n<p class=\"p2\"><span class=\"s2\">For other questions you can contact the contact section of our website: <a href=\"https:\/\/www.calsina-carre.com\/en\/contacto\/\"><span class=\"s1\">https:\/\/www.calsina-carre.com\/contacto\/<\/span><\/a><\/span><\/p>\n<p class=\"p15\"><span class=\"s2\">Thank you very much <\/span><\/p>","protected":false},"excerpt":{"rendered":"<p>Descripci\u00f3n del Canal \u00c9tico: En CALSINA CARR\u00c9 apostamos por la transparencia, la honestidad y el respeto en nuestra forma de actuar, y trabajamos para ofrecer el mejor servicio tanto a nuestra plantilla como a los clientes y colaboradores. Por ese motivo, CALSINA CARR\u00c9 ha creado el Canal \u00c9tico. Un canal donde se puede comunicar cualquier [&hellip;]<\/p>\n","protected":false},"author":1,"featured_media":0,"parent":0,"menu_order":0,"comment_status":"closed","ping_status":"closed","template":"","meta":{"site-sidebar-layout":"default","site-content-layout":"default","ast-site-content-layout":"default","site-content-style":"default","site-sidebar-style":"default","ast-global-header-display":"","ast-banner-title-visibility":"","ast-main-header-display":"","ast-hfb-above-header-display":"","ast-hfb-below-header-display":"","ast-hfb-mobile-header-display":"","site-post-title":"","ast-breadcrumbs-content":"","ast-featured-img":"","footer-sml-layout":"","ast-disable-related-posts":"","theme-transparent-header-meta":"default","adv-header-id-meta":"","stick-header-meta":"","header-above-stick-meta":"","header-main-stick-meta":"","header-below-stick-meta":"","astra-migrate-meta-layouts":"default","ast-page-background-enabled":"default","ast-page-background-meta":{"desktop":{"background-color":"","background-image":"","background-repeat":"repeat","background-position":"center center","background-size":"auto","background-attachment":"scroll","background-type":"","background-media":"","overlay-type":"","overlay-color":"","overlay-opacity":"","overlay-gradient":""},"tablet":{"background-color":"","background-image":"","background-repeat":"repeat","background-position":"center center","background-size":"auto","background-attachment":"scroll","background-type":"","background-media":"","overlay-type":"","overlay-color":"","overlay-opacity":"","overlay-gradient":""},"mobile":{"background-color":"","background-image":"","background-repeat":"repeat","background-position":"center center","background-size":"auto","background-attachment":"scroll","background-type":"","background-media":"","overlay-type":"","overlay-color":"","overlay-opacity":"","overlay-gradient":""}},"ast-content-background-meta":{"desktop":{"background-color":"var(--ast-global-color-5)","background-image":"","background-repeat":"repeat","background-position":"center center","background-size":"auto","background-attachment":"scroll","background-type":"","background-media":"","overlay-type":"","overlay-color":"","overlay-opacity":"","overlay-gradient":""},"tablet":{"background-color":"var(--ast-global-color-5)","background-image":"","background-repeat":"repeat","background-position":"center center","background-size":"auto","background-attachment":"scroll","background-type":"","background-media":"","overlay-type":"","overlay-color":"","overlay-opacity":"","overlay-gradient":""},"mobile":{"background-color":"var(--ast-global-color-5)","background-image":"","background-repeat":"repeat","background-position":"center center","background-size":"auto","background-attachment":"scroll","background-type":"","background-media":"","overlay-type":"","overlay-color":"","overlay-opacity":"","overlay-gradient":""}},"footnotes":""},"class_list":["post-15655","page","type-page","status-publish","hentry"],"yoast_head":"<!-- This site is optimized with the Yoast SEO plugin v27.3 - https:\/\/yoast.com\/product\/yoast-seo-wordpress\/ -->\n<title>Canal \u00e9tico - Calsina Carr\u00e9 Transports &amp; Logistics<\/title>\n<meta name=\"robots\" content=\"index, follow, max-snippet:-1, max-image-preview:large, max-video-preview:-1\" \/>\n<link rel=\"canonical\" href=\"https:\/\/www.calsina-carre.com\/en\/en-canal-etico\/\" \/>\n<meta property=\"og:locale\" content=\"en_US\" \/>\n<meta property=\"og:type\" content=\"article\" \/>\n<meta property=\"og:title\" content=\"Canal \u00e9tico - Calsina Carr\u00e9 Transports &amp; Logistics\" \/>\n<meta property=\"og:description\" content=\"Descripci\u00f3n del Canal \u00c9tico: En CALSINA CARR\u00c9 apostamos por la transparencia, la honestidad y el respeto en nuestra forma de actuar, y trabajamos para ofrecer el mejor servicio tanto a nuestra plantilla como a los clientes y colaboradores. Por ese motivo, CALSINA CARR\u00c9 ha creado el Canal \u00c9tico. Un canal donde se puede comunicar cualquier [&hellip;]\" \/>\n<meta property=\"og:url\" content=\"https:\/\/www.calsina-carre.com\/en\/en-canal-etico\/\" \/>\n<meta property=\"og:site_name\" content=\"Calsina Carr\u00e9 Transports &amp; Logistics\" \/>\n<meta property=\"article:modified_time\" content=\"2023-05-04T10:40:10+00:00\" \/>\n<meta property=\"og:image\" content=\"https:\/\/www.calsina-carre.com\/wp-content\/uploads\/2023\/05\/codigo-etico-web-300x158.png\" \/>\n<meta name=\"twitter:card\" content=\"summary_large_image\" \/>\n<meta name=\"twitter:label1\" content=\"Est. reading time\" \/>\n\t<meta name=\"twitter:data1\" content=\"3 minutes\" \/>\n<script type=\"application\/ld+json\" class=\"yoast-schema-graph\">{\"@context\":\"https:\\\/\\\/schema.org\",\"@graph\":[{\"@type\":\"WebPage\",\"@id\":\"https:\\\/\\\/www.calsina-carre.com\\\/en\\\/canal-etico\\\/\",\"url\":\"https:\\\/\\\/www.calsina-carre.com\\\/en\\\/canal-etico\\\/\",\"name\":\"Canal \u00e9tico - Calsina Carr\u00e9 Transports &amp; Logistics\",\"isPartOf\":{\"@id\":\"https:\\\/\\\/www.calsina-carre.com\\\/ca\\\/#website\"},\"primaryImageOfPage\":{\"@id\":\"https:\\\/\\\/www.calsina-carre.com\\\/en\\\/canal-etico\\\/#primaryimage\"},\"image\":{\"@id\":\"https:\\\/\\\/www.calsina-carre.com\\\/en\\\/canal-etico\\\/#primaryimage\"},\"thumbnailUrl\":\"https:\\\/\\\/www.calsina-carre.com\\\/wp-content\\\/uploads\\\/2023\\\/05\\\/codigo-etico-web-300x158.png\",\"datePublished\":\"2023-05-04T10:32:15+00:00\",\"dateModified\":\"2023-05-04T10:40:10+00:00\",\"breadcrumb\":{\"@id\":\"https:\\\/\\\/www.calsina-carre.com\\\/en\\\/canal-etico\\\/#breadcrumb\"},\"inLanguage\":\"en-US\",\"potentialAction\":[{\"@type\":\"ReadAction\",\"target\":[\"https:\\\/\\\/www.calsina-carre.com\\\/en\\\/canal-etico\\\/\"]}]},{\"@type\":\"ImageObject\",\"inLanguage\":\"en-US\",\"@id\":\"https:\\\/\\\/www.calsina-carre.com\\\/en\\\/canal-etico\\\/#primaryimage\",\"url\":\"https:\\\/\\\/www.calsina-carre.com\\\/wp-content\\\/uploads\\\/2023\\\/05\\\/codigo-etico-web-300x158.png\",\"contentUrl\":\"https:\\\/\\\/www.calsina-carre.com\\\/wp-content\\\/uploads\\\/2023\\\/05\\\/codigo-etico-web-300x158.png\"},{\"@type\":\"BreadcrumbList\",\"@id\":\"https:\\\/\\\/www.calsina-carre.com\\\/en\\\/canal-etico\\\/#breadcrumb\",\"itemListElement\":[{\"@type\":\"ListItem\",\"position\":1,\"name\":\"Portada\",\"item\":\"https:\\\/\\\/www.calsina-carre.com\\\/\"},{\"@type\":\"ListItem\",\"position\":2,\"name\":\"Canal \u00e9tico\"}]},{\"@type\":\"WebSite\",\"@id\":\"https:\\\/\\\/www.calsina-carre.com\\\/ca\\\/#website\",\"url\":\"https:\\\/\\\/www.calsina-carre.com\\\/ca\\\/\",\"name\":\"Calsina Carr\u00e9 Transports &amp; Logistics\",\"description\":\"Transports &amp; Logistics\",\"publisher\":{\"@id\":\"https:\\\/\\\/www.calsina-carre.com\\\/ca\\\/#organization\"},\"potentialAction\":[{\"@type\":\"SearchAction\",\"target\":{\"@type\":\"EntryPoint\",\"urlTemplate\":\"https:\\\/\\\/www.calsina-carre.com\\\/ca\\\/?s={search_term_string}\"},\"query-input\":{\"@type\":\"PropertyValueSpecification\",\"valueRequired\":true,\"valueName\":\"search_term_string\"}}],\"inLanguage\":\"en-US\"},{\"@type\":\"Organization\",\"@id\":\"https:\\\/\\\/www.calsina-carre.com\\\/ca\\\/#organization\",\"name\":\"Calsina Carr\u00e9 Transports &amp; Logistics\",\"url\":\"https:\\\/\\\/www.calsina-carre.com\\\/ca\\\/\",\"logo\":{\"@type\":\"ImageObject\",\"inLanguage\":\"en-US\",\"@id\":\"https:\\\/\\\/www.calsina-carre.com\\\/ca\\\/#\\\/schema\\\/logo\\\/image\\\/\",\"url\":\"https:\\\/\\\/www.calsina-carre.com\\\/wp-content\\\/uploads\\\/2021\\\/01\\\/LOGO-CALSINA-CARRE.png\",\"contentUrl\":\"https:\\\/\\\/www.calsina-carre.com\\\/wp-content\\\/uploads\\\/2021\\\/01\\\/LOGO-CALSINA-CARRE.png\",\"width\":1682,\"height\":1029,\"caption\":\"Calsina Carr\u00e9 Transports &amp; Logistics\"},\"image\":{\"@id\":\"https:\\\/\\\/www.calsina-carre.com\\\/ca\\\/#\\\/schema\\\/logo\\\/image\\\/\"}}]}<\/script>\n<!-- \/ Yoast SEO plugin. -->","yoast_head_json":{"title":"Canal \u00e9tico - Calsina Carr\u00e9 Transports &amp; Logistics","robots":{"index":"index","follow":"follow","max-snippet":"max-snippet:-1","max-image-preview":"max-image-preview:large","max-video-preview":"max-video-preview:-1"},"canonical":"https:\/\/www.calsina-carre.com\/en\/en-canal-etico\/","og_locale":"en_US","og_type":"article","og_title":"Canal \u00e9tico - Calsina Carr\u00e9 Transports &amp; Logistics","og_description":"Descripci\u00f3n del Canal \u00c9tico: En CALSINA CARR\u00c9 apostamos por la transparencia, la honestidad y el respeto en nuestra forma de actuar, y trabajamos para ofrecer el mejor servicio tanto a nuestra plantilla como a los clientes y colaboradores. Por ese motivo, CALSINA CARR\u00c9 ha creado el Canal \u00c9tico. Un canal donde se puede comunicar cualquier [&hellip;]","og_url":"https:\/\/www.calsina-carre.com\/en\/en-canal-etico\/","og_site_name":"Calsina Carr\u00e9 Transports &amp; Logistics","article_modified_time":"2023-05-04T10:40:10+00:00","og_image":[{"url":"https:\/\/www.calsina-carre.com\/wp-content\/uploads\/2023\/05\/codigo-etico-web-300x158.png","type":"","width":"","height":""}],"twitter_card":"summary_large_image","twitter_misc":{"Est. reading time":"3 minutes"},"schema":{"@context":"https:\/\/schema.org","@graph":[{"@type":"WebPage","@id":"https:\/\/www.calsina-carre.com\/en\/canal-etico\/","url":"https:\/\/www.calsina-carre.com\/en\/canal-etico\/","name":"Canal \u00e9tico - Calsina Carr\u00e9 Transports &amp; Logistics","isPartOf":{"@id":"https:\/\/www.calsina-carre.com\/ca\/#website"},"primaryImageOfPage":{"@id":"https:\/\/www.calsina-carre.com\/en\/canal-etico\/#primaryimage"},"image":{"@id":"https:\/\/www.calsina-carre.com\/en\/canal-etico\/#primaryimage"},"thumbnailUrl":"https:\/\/www.calsina-carre.com\/wp-content\/uploads\/2023\/05\/codigo-etico-web-300x158.png","datePublished":"2023-05-04T10:32:15+00:00","dateModified":"2023-05-04T10:40:10+00:00","breadcrumb":{"@id":"https:\/\/www.calsina-carre.com\/en\/canal-etico\/#breadcrumb"},"inLanguage":"en-US","potentialAction":[{"@type":"ReadAction","target":["https:\/\/www.calsina-carre.com\/en\/canal-etico\/"]}]},{"@type":"ImageObject","inLanguage":"en-US","@id":"https:\/\/www.calsina-carre.com\/en\/canal-etico\/#primaryimage","url":"https:\/\/www.calsina-carre.com\/wp-content\/uploads\/2023\/05\/codigo-etico-web-300x158.png","contentUrl":"https:\/\/www.calsina-carre.com\/wp-content\/uploads\/2023\/05\/codigo-etico-web-300x158.png"},{"@type":"BreadcrumbList","@id":"https:\/\/www.calsina-carre.com\/en\/canal-etico\/#breadcrumb","itemListElement":[{"@type":"ListItem","position":1,"name":"Portada","item":"https:\/\/www.calsina-carre.com\/"},{"@type":"ListItem","position":2,"name":"Canal \u00e9tico"}]},{"@type":"WebSite","@id":"https:\/\/www.calsina-carre.com\/ca\/#website","url":"https:\/\/www.calsina-carre.com\/ca\/","name":"Calsina Carr\u00e9 Transports &amp; Logistics","description":"Transports &amp; Logistics","publisher":{"@id":"https:\/\/www.calsina-carre.com\/ca\/#organization"},"potentialAction":[{"@type":"SearchAction","target":{"@type":"EntryPoint","urlTemplate":"https:\/\/www.calsina-carre.com\/ca\/?s={search_term_string}"},"query-input":{"@type":"PropertyValueSpecification","valueRequired":true,"valueName":"search_term_string"}}],"inLanguage":"en-US"},{"@type":"Organization","@id":"https:\/\/www.calsina-carre.com\/ca\/#organization","name":"Calsina Carr\u00e9 Transports &amp; Logistics","url":"https:\/\/www.calsina-carre.com\/ca\/","logo":{"@type":"ImageObject","inLanguage":"en-US","@id":"https:\/\/www.calsina-carre.com\/ca\/#\/schema\/logo\/image\/","url":"https:\/\/www.calsina-carre.com\/wp-content\/uploads\/2021\/01\/LOGO-CALSINA-CARRE.png","contentUrl":"https:\/\/www.calsina-carre.com\/wp-content\/uploads\/2021\/01\/LOGO-CALSINA-CARRE.png","width":1682,"height":1029,"caption":"Calsina Carr\u00e9 Transports &amp; Logistics"},"image":{"@id":"https:\/\/www.calsina-carre.com\/ca\/#\/schema\/logo\/image\/"}}]}},"_links":{"self":[{"href":"https:\/\/www.calsina-carre.com\/en\/wp-json\/wp\/v2\/pages\/15655","targetHints":{"allow":["GET"]}}],"collection":[{"href":"https:\/\/www.calsina-carre.com\/en\/wp-json\/wp\/v2\/pages"}],"about":[{"href":"https:\/\/www.calsina-carre.com\/en\/wp-json\/wp\/v2\/types\/page"}],"author":[{"embeddable":true,"href":"https:\/\/www.calsina-carre.com\/en\/wp-json\/wp\/v2\/users\/1"}],"replies":[{"embeddable":true,"href":"https:\/\/www.calsina-carre.com\/en\/wp-json\/wp\/v2\/comments?post=15655"}],"version-history":[{"count":0,"href":"https:\/\/www.calsina-carre.com\/en\/wp-json\/wp\/v2\/pages\/15655\/revisions"}],"wp:attachment":[{"href":"https:\/\/www.calsina-carre.com\/en\/wp-json\/wp\/v2\/media?parent=15655"}],"curies":[{"name":"wp","href":"https:\/\/api.w.org\/{rel}","templated":true}]}}