{"id":7952,"date":"2021-05-18T08:02:37","date_gmt":"2021-05-18T08:02:37","guid":{"rendered":"https:\/\/sw3.hosticat.net\/?page_id=7952"},"modified":"2021-10-14T06:47:39","modified_gmt":"2021-10-14T06:47:39","slug":"pide-oferta","status":"publish","type":"page","link":"https:\/\/www.calsina-carre.com\/en\/pide-oferta\/","title":{"rendered":"Request quotation"},"content":{"rendered":"<div data-elementor-type=\"wp-post\" data-elementor-id=\"7952\" class=\"elementor elementor-7952\" data-elementor-settings=\"{&quot;ha_cmc_init_switcher&quot;:&quot;no&quot;}\" data-elementor-post-type=\"page\">\n\t\t\t\t\t\t<section class=\"elementor-section elementor-top-section elementor-element elementor-element-d30d808 elementor-section-boxed elementor-section-height-default elementor-section-height-default exad-glass-effect-no exad-sticky-section-no\" data-id=\"d30d808\" data-element_type=\"section\" data-e-type=\"section\" data-settings=\"{&quot;background_background&quot;:&quot;classic&quot;,&quot;_ha_eqh_enable&quot;:false}\">\n\t\t\t\t\t\t\t<div class=\"elementor-background-overlay\"><\/div>\n\t\t\t\t\t\t\t<div class=\"elementor-container elementor-column-gap-default\">\n\t\t\t\t\t<div class=\"elementor-column elementor-col-100 elementor-top-column elementor-element elementor-element-5fe1a71 exad-glass-effect-no exad-sticky-section-no\" data-id=\"5fe1a71\" data-element_type=\"column\" data-e-type=\"column\">\n\t\t\t<div class=\"elementor-widget-wrap elementor-element-populated\">\n\t\t\t\t\t\t<div class=\"elementor-element elementor-element-82e6bfb exad-sticky-section-no exad-glass-effect-no elementor-widget elementor-widget-heading\" data-id=\"82e6bfb\" data-element_type=\"widget\" data-e-type=\"widget\" data-widget_type=\"heading.default\">\n\t\t\t\t<div class=\"elementor-widget-container\">\n\t\t\t\t\t<h1 class=\"elementor-heading-title elementor-size-default\">Request quotation<\/h1>\t\t\t\t<\/div>\n\t\t\t\t<\/div>\n\t\t\t\t\t<\/div>\n\t\t<\/div>\n\t\t\t\t\t<\/div>\n\t\t<\/section>\n\t\t\t\t<section class=\"elementor-section elementor-top-section elementor-element elementor-element-a0fd235 elementor-section-boxed elementor-section-height-default elementor-section-height-default exad-glass-effect-no exad-sticky-section-no\" data-id=\"a0fd235\" data-element_type=\"section\" data-e-type=\"section\" data-settings=\"{&quot;_ha_eqh_enable&quot;:false}\">\n\t\t\t\t\t\t<div class=\"elementor-container elementor-column-gap-default\">\n\t\t\t\t\t<div class=\"elementor-column elementor-col-100 elementor-top-column elementor-element elementor-element-7ba9d71 exad-glass-effect-no exad-sticky-section-no\" data-id=\"7ba9d71\" data-element_type=\"column\" data-e-type=\"column\">\n\t\t\t<div class=\"elementor-widget-wrap elementor-element-populated\">\n\t\t\t\t\t\t<div class=\"elementor-element elementor-element-8a5f206 exad-sticky-section-no exad-glass-effect-no elementor-widget elementor-widget-spacer\" data-id=\"8a5f206\" data-element_type=\"widget\" data-e-type=\"widget\" data-widget_type=\"spacer.default\">\n\t\t\t\t<div class=\"elementor-widget-container\">\n\t\t\t\t\t\t\t<div class=\"elementor-spacer\">\n\t\t\t<div class=\"elementor-spacer-inner\"><\/div>\n\t\t<\/div>\n\t\t\t\t\t\t<\/div>\n\t\t\t\t<\/div>\n\t\t\t\t<div class=\"elementor-element elementor-element-fc0fa74 exad-sticky-section-no exad-glass-effect-no elementor-widget elementor-widget-text-editor\" data-id=\"fc0fa74\" data-element_type=\"widget\" data-e-type=\"widget\" data-widget_type=\"text-editor.default\">\n\t\t\t\t<div class=\"elementor-widget-container\">\n\t\t\t\t\t\t\t\t\t<p style=\"text-align: center;\">Tell us <strong>how we can help you<\/strong> or <strong>what service you are looking for.<\/strong><\/p>\t\t\t\t\t\t\t\t<\/div>\n\t\t\t\t<\/div>\n\t\t\t\t<div class=\"elementor-element elementor-element-ac14a74 exad-sticky-section-no exad-glass-effect-no elementor-widget elementor-widget-text-editor\" data-id=\"ac14a74\" data-element_type=\"widget\" data-e-type=\"widget\" data-widget_type=\"text-editor.default\">\n\t\t\t\t<div class=\"elementor-widget-container\">\n\t\t\t\t\t\t\t\t\t<p style=\"text-align: center;\"><strong>We will respond to you as soon as possible. Many thanks.<\/strong><\/p>\t\t\t\t\t\t\t\t<\/div>\n\t\t\t\t<\/div>\n\t\t\t\t<div class=\"elementor-element elementor-element-d574d2e premium-cf7-button-fwidth-yes exad-sticky-section-no exad-glass-effect-no elementor-widget elementor-widget-premium-contact-form\" data-id=\"d574d2e\" data-element_type=\"widget\" data-e-type=\"widget\" data-widget_type=\"premium-contact-form.default\">\n\t\t\t\t<div class=\"elementor-widget-container\">\n\t\t\t\t\t\n\t\t\t\n\t\t\t<div class=\"premium-cf7-container\" data-settings=\"{&quot;fields_glass&quot;:&quot;none&quot;,&quot;submit_glass&quot;:&quot;none&quot;}\">\n\t\t\t\t\n<div class=\"wpcf7 no-js\" id=\"wpcf7-f7955-o1\" lang=\"es-ES\" dir=\"ltr\" data-wpcf7-id=\"7955\">\n<div class=\"screen-reader-response\"><p role=\"status\" aria-live=\"polite\" aria-atomic=\"true\"><\/p> <ul><\/ul><\/div>\n<form action=\"\/en\/wp-json\/wp\/v2\/pages\/7952#wpcf7-f7955-o1\" method=\"post\" class=\"wpcf7-form init\" aria-label=\"Formulario de contacto\" novalidate=\"novalidate\" data-status=\"init\" data-trp-original-action=\"\/en\/wp-json\/wp\/v2\/pages\/7952#wpcf7-f7955-o1\">\n<fieldset class=\"hidden-fields-container\"><input type=\"hidden\" name=\"_wpcf7\" value=\"7955\" \/><input type=\"hidden\" name=\"_wpcf7_version\" value=\"6.1.5\" \/><input type=\"hidden\" name=\"_wpcf7_locale\" value=\"es_ES\" \/><input type=\"hidden\" name=\"_wpcf7_unit_tag\" value=\"wpcf7-f7955-o1\" \/><input type=\"hidden\" name=\"_wpcf7_container_post\" value=\"0\" \/><input type=\"hidden\" name=\"_wpcf7_posted_data_hash\" value=\"\" \/><input type=\"hidden\" name=\"_wpcf7_recaptcha_response\" value=\"\" \/>\n<\/fieldset>\n<div id=\"responsive-form\" class=\"clearfix\">\n\t<div class=\"form-row\">\n\t\t<div class=\"column-half\">\n\t\t\t<p>His name* <span class=\"wpcf7-form-control-wrap\" data-name=\"your-name\"><input size=\"40\" maxlength=\"400\" class=\"wpcf7-form-control wpcf7-text wpcf7-validates-as-required\" aria-required=\"true\" aria-invalid=\"false\" value=\"\" type=\"text\" name=\"your-name\" \/><\/span>\n\t\t\t<\/p>\n\t\t<\/div>\n\t\t<div class=\"column-half\">\n\t\t\t<p>Company* <span class=\"wpcf7-form-control-wrap\" data-name=\"empresa\"><input size=\"40\" maxlength=\"400\" class=\"wpcf7-form-control wpcf7-text wpcf7-validates-as-required\" aria-required=\"true\" aria-invalid=\"false\" value=\"\" type=\"text\" name=\"empresa\" \/><\/span>\n\t\t\t<\/p>\n\t\t<\/div>\n\t<\/div>\n\t<div class=\"form-row\">\n\t\t<div class=\"column-half\">\n\t\t\t<p>Email* <span class=\"wpcf7-form-control-wrap\" data-name=\"your-email\"><input size=\"40\" maxlength=\"400\" class=\"wpcf7-form-control wpcf7-email wpcf7-validates-as-required wpcf7-text wpcf7-validates-as-email\" aria-required=\"true\" aria-invalid=\"false\" value=\"\" type=\"email\" name=\"your-email\" \/><\/span>\n\t\t\t<\/p>\n\t\t<\/div>\n\t\t<div class=\"column-half\">\n\t\t\t<p>Phone* <span class=\"wpcf7-form-control-wrap\" data-name=\"Telefono\"><input size=\"40\" maxlength=\"400\" class=\"wpcf7-form-control wpcf7-tel wpcf7-validates-as-required wpcf7-text wpcf7-validates-as-tel\" aria-required=\"true\" aria-invalid=\"false\" value=\"\" type=\"tel\" name=\"Telefono\" \/><\/span>\n\t\t\t<\/p>\n\t\t<\/div>\n\t<\/div>\n\t<div class=\"form-row\">\n\t\t<div class=\"column-full\">\n\t\t\t<p>Request offer* <span class=\"wpcf7-form-control-wrap\" data-name=\"your-message\"><textarea cols=\"40\" rows=\"10\" maxlength=\"2000\" class=\"wpcf7-form-control wpcf7-textarea\" aria-invalid=\"false\" name=\"your-message\"><\/textarea><\/span>\n\t\t\t<\/p>\n\t\t<\/div>\n\t<\/div>\n\t<div class=\"form-row aceptar-form\">\n\t\t<div class=\"column-full\">\n\t\t\t<p><span class=\"wpcf7-form-control-wrap\" data-name=\"acceptance-534\"><span class=\"wpcf7-form-control wpcf7-acceptance\"><span class=\"wpcf7-list-item\"><input type=\"checkbox\" name=\"acceptance-534\" value=\"1\" aria-invalid=\"false\" \/><\/span><\/span><\/span> I have read and accept the <a href=\"https:\/\/www.calsina-carre.com\/en\/politica-de-proteccion-de-datos\/\">privacy policy<\/a> from this website\n\t\t\t<\/p>\n\t\t<\/div>\n\t\t<div class=\"column-full\">\n\t\t\t<p><input class=\"wpcf7-form-control wpcf7-submit has-spinner\" type=\"submit\" value=\"Send\" \/>\n\t\t\t<\/p>\n\t\t<\/div>\n\t<\/div>\n<\/div><!--end responsive-form--><p style=\"display: none !important;\" class=\"akismet-fields-container\" data-prefix=\"_wpcf7_ak_\"><label>&#916;<textarea name=\"_wpcf7_ak_hp_textarea\" cols=\"45\" rows=\"8\" maxlength=\"100\"><\/textarea><\/label><input type=\"hidden\" id=\"ak_js_1\" name=\"_wpcf7_ak_js\" value=\"97\"\/><script>document.getElementById( \"ak_js_1\" ).setAttribute( \"value\", ( new Date() ).getTime() );<\/script><\/p><div class=\"wpcf7-response-output\" aria-hidden=\"true\"><\/div>\n<input type=\"hidden\" name=\"trp-form-language\" value=\"en\"\/><\/form>\n<\/div>\n\t\t\t<\/div>\n\n\t\t\t\t\t\t\t<\/div>\n\t\t\t\t<\/div>\n\t\t\t\t<div class=\"elementor-element elementor-element-62166a1 exad-sticky-section-no exad-glass-effect-no elementor-widget elementor-widget-spacer\" data-id=\"62166a1\" data-element_type=\"widget\" data-e-type=\"widget\" data-widget_type=\"spacer.default\">\n\t\t\t\t<div class=\"elementor-widget-container\">\n\t\t\t\t\t\t\t<div class=\"elementor-spacer\">\n\t\t\t<div class=\"elementor-spacer-inner\"><\/div>\n\t\t<\/div>\n\t\t\t\t\t\t<\/div>\n\t\t\t\t<\/div>\n\t\t\t\t\t<\/div>\n\t\t<\/div>\n\t\t\t\t\t<\/div>\n\t\t<\/section>\n\t\t\t\t<\/div>","protected":false},"excerpt":{"rendered":"<p>Solicita Oferta Ind\u00edcanos en qu\u00e9 podemos ayudarte o qu\u00e9 servicio estas buscando. Te responderemos con la mayor brevedad posible. Gracias. Su Nombre* Empresa* Email* Tel\u00e9fono* Solicita oferta* He le\u00eddo y acepto la Pol\u00edtica de privacidad<\/p>","protected":false},"author":1,"featured_media":0,"parent":0,"menu_order":0,"comment_status":"closed","ping_status":"closed","template":"elementor_header_footer","meta":{"site-sidebar-layout":"no-sidebar","site-content-layout":"page-builder","ast-site-content-layout":"default","site-content-style":"default","site-sidebar-style":"default","ast-global-header-display":"","ast-banner-title-visibility":"","ast-main-header-display":"","ast-hfb-above-header-display":"","ast-hfb-below-header-display":"","ast-hfb-mobile-header-display":"","site-post-title":"disabled","ast-breadcrumbs-content":"","ast-featured-img":"disabled","footer-sml-layout":"","ast-disable-related-posts":"","theme-transparent-header-meta":"enabled","adv-header-id-meta":"","stick-header-meta":"","header-above-stick-meta":"","header-main-stick-meta":"","header-below-stick-meta":"","astra-migrate-meta-layouts":"default","ast-page-background-enabled":"default","ast-page-background-meta":{"desktop":{"background-color":"","background-image":"","background-repeat":"repeat","background-position":"center center","background-size":"auto","background-attachment":"scroll","background-type":"","background-media":"","overlay-type":"","overlay-color":"","overlay-opacity":"","overlay-gradient":""},"tablet":{"background-color":"","background-image":"","background-repeat":"repeat","background-position":"center center","background-size":"auto","background-attachment":"scroll","background-type":"","background-media":"","overlay-type":"","overlay-color":"","overlay-opacity":"","overlay-gradient":""},"mobile":{"background-color":"","background-image":"","background-repeat":"repeat","background-position":"center center","background-size":"auto","background-attachment":"scroll","background-type":"","background-media":"","overlay-type":"","overlay-color":"","overlay-opacity":"","overlay-gradient":""}},"ast-content-background-meta":{"desktop":{"background-color":"var(--ast-global-color-5)","background-image":"","background-repeat":"repeat","background-position":"center center","background-size":"auto","background-attachment":"scroll","background-type":"","background-media":"","overlay-type":"","overlay-color":"","overlay-opacity":"","overlay-gradient":""},"tablet":{"background-color":"var(--ast-global-color-5)","background-image":"","background-repeat":"repeat","background-position":"center center","background-size":"auto","background-attachment":"scroll","background-type":"","background-media":"","overlay-type":"","overlay-color":"","overlay-opacity":"","overlay-gradient":""},"mobile":{"background-color":"var(--ast-global-color-5)","background-image":"","background-repeat":"repeat","background-position":"center center","background-size":"auto","background-attachment":"scroll","background-type":"","background-media":"","overlay-type":"","overlay-color":"","overlay-opacity":"","overlay-gradient":""}},"footnotes":""},"class_list":["post-7952","page","type-page","status-publish","hentry"],"yoast_head":"<!-- This site is optimized with the Yoast SEO plugin v27.3 - https:\/\/yoast.com\/product\/yoast-seo-wordpress\/ -->\n<title>Pide oferta - Calsina Carr\u00e9 Transports &amp; Logistics<\/title>\n<meta name=\"robots\" content=\"index, follow, max-snippet:-1, max-image-preview:large, max-video-preview:-1\" \/>\n<link rel=\"canonical\" href=\"https:\/\/www.calsina-carre.com\/en\/pide-oferta\/\" \/>\n<meta property=\"og:locale\" content=\"en_US\" \/>\n<meta property=\"og:type\" content=\"article\" \/>\n<meta property=\"og:title\" content=\"Pide oferta - Calsina Carr\u00e9 Transports &amp; Logistics\" \/>\n<meta property=\"og:description\" content=\"Solicita Oferta Ind\u00edcanos en qu\u00e9 podemos ayudarte o qu\u00e9 servicio estas buscando. Te responderemos con la mayor brevedad posible. Gracias. Su Nombre* Empresa* Email* Tel\u00e9fono* Solicita oferta* He le\u00eddo y acepto la Pol\u00edtica de privacidad\" \/>\n<meta property=\"og:url\" content=\"https:\/\/www.calsina-carre.com\/en\/pide-oferta\/\" \/>\n<meta property=\"og:site_name\" content=\"Calsina Carr\u00e9 Transports &amp; Logistics\" \/>\n<meta property=\"article:modified_time\" content=\"2021-10-14T06:47:39+00:00\" \/>\n<meta name=\"twitter:card\" content=\"summary_large_image\" \/>\n<meta name=\"twitter:label1\" content=\"Est. reading time\" \/>\n\t<meta name=\"twitter:data1\" content=\"1 minute\" \/>\n<script type=\"application\/ld+json\" class=\"yoast-schema-graph\">{\"@context\":\"https:\\\/\\\/schema.org\",\"@graph\":[{\"@type\":\"WebPage\",\"@id\":\"https:\\\/\\\/www.calsina-carre.com\\\/fr\\\/pide-oferta\\\/\",\"url\":\"https:\\\/\\\/www.calsina-carre.com\\\/fr\\\/pide-oferta\\\/\",\"name\":\"Pide oferta - Calsina Carr\u00e9 Transports &amp; Logistics\",\"isPartOf\":{\"@id\":\"https:\\\/\\\/www.calsina-carre.com\\\/ca\\\/#website\"},\"datePublished\":\"2021-05-18T08:02:37+00:00\",\"dateModified\":\"2021-10-14T06:47:39+00:00\",\"breadcrumb\":{\"@id\":\"https:\\\/\\\/www.calsina-carre.com\\\/fr\\\/pide-oferta\\\/#breadcrumb\"},\"inLanguage\":\"en-US\",\"potentialAction\":[{\"@type\":\"ReadAction\",\"target\":[\"https:\\\/\\\/www.calsina-carre.com\\\/fr\\\/pide-oferta\\\/\"]}]},{\"@type\":\"BreadcrumbList\",\"@id\":\"https:\\\/\\\/www.calsina-carre.com\\\/fr\\\/pide-oferta\\\/#breadcrumb\",\"itemListElement\":[{\"@type\":\"ListItem\",\"position\":1,\"name\":\"Portada\",\"item\":\"https:\\\/\\\/www.calsina-carre.com\\\/\"},{\"@type\":\"ListItem\",\"position\":2,\"name\":\"Pide oferta\"}]},{\"@type\":\"WebSite\",\"@id\":\"https:\\\/\\\/www.calsina-carre.com\\\/ca\\\/#website\",\"url\":\"https:\\\/\\\/www.calsina-carre.com\\\/ca\\\/\",\"name\":\"Calsina Carr\u00e9 Transports &amp; Logistics\",\"description\":\"Transports &amp; Logistics\",\"publisher\":{\"@id\":\"https:\\\/\\\/www.calsina-carre.com\\\/ca\\\/#organization\"},\"potentialAction\":[{\"@type\":\"SearchAction\",\"target\":{\"@type\":\"EntryPoint\",\"urlTemplate\":\"https:\\\/\\\/www.calsina-carre.com\\\/ca\\\/?s={search_term_string}\"},\"query-input\":{\"@type\":\"PropertyValueSpecification\",\"valueRequired\":true,\"valueName\":\"search_term_string\"}}],\"inLanguage\":\"en-US\"},{\"@type\":\"Organization\",\"@id\":\"https:\\\/\\\/www.calsina-carre.com\\\/ca\\\/#organization\",\"name\":\"Calsina Carr\u00e9 Transports &amp; Logistics\",\"url\":\"https:\\\/\\\/www.calsina-carre.com\\\/ca\\\/\",\"logo\":{\"@type\":\"ImageObject\",\"inLanguage\":\"en-US\",\"@id\":\"https:\\\/\\\/www.calsina-carre.com\\\/ca\\\/#\\\/schema\\\/logo\\\/image\\\/\",\"url\":\"https:\\\/\\\/www.calsina-carre.com\\\/wp-content\\\/uploads\\\/2021\\\/01\\\/LOGO-CALSINA-CARRE.png\",\"contentUrl\":\"https:\\\/\\\/www.calsina-carre.com\\\/wp-content\\\/uploads\\\/2021\\\/01\\\/LOGO-CALSINA-CARRE.png\",\"width\":1682,\"height\":1029,\"caption\":\"Calsina Carr\u00e9 Transports &amp; Logistics\"},\"image\":{\"@id\":\"https:\\\/\\\/www.calsina-carre.com\\\/ca\\\/#\\\/schema\\\/logo\\\/image\\\/\"}}]}<\/script>\n<!-- \/ Yoast SEO plugin. -->","yoast_head_json":{"title":"Pide oferta - Calsina Carr\u00e9 Transports &amp; Logistics","robots":{"index":"index","follow":"follow","max-snippet":"max-snippet:-1","max-image-preview":"max-image-preview:large","max-video-preview":"max-video-preview:-1"},"canonical":"https:\/\/www.calsina-carre.com\/en\/pide-oferta\/","og_locale":"en_US","og_type":"article","og_title":"Pide oferta - Calsina Carr\u00e9 Transports &amp; Logistics","og_description":"Solicita Oferta Ind\u00edcanos en qu\u00e9 podemos ayudarte o qu\u00e9 servicio estas buscando. Te responderemos con la mayor brevedad posible. Gracias. Su Nombre* Empresa* Email* Tel\u00e9fono* Solicita oferta* He le\u00eddo y acepto la Pol\u00edtica de privacidad","og_url":"https:\/\/www.calsina-carre.com\/en\/pide-oferta\/","og_site_name":"Calsina Carr\u00e9 Transports &amp; Logistics","article_modified_time":"2021-10-14T06:47:39+00:00","twitter_card":"summary_large_image","twitter_misc":{"Est. reading time":"1 minute"},"schema":{"@context":"https:\/\/schema.org","@graph":[{"@type":"WebPage","@id":"https:\/\/www.calsina-carre.com\/fr\/pide-oferta\/","url":"https:\/\/www.calsina-carre.com\/fr\/pide-oferta\/","name":"Pide oferta - Calsina Carr\u00e9 Transports &amp; Logistics","isPartOf":{"@id":"https:\/\/www.calsina-carre.com\/ca\/#website"},"datePublished":"2021-05-18T08:02:37+00:00","dateModified":"2021-10-14T06:47:39+00:00","breadcrumb":{"@id":"https:\/\/www.calsina-carre.com\/fr\/pide-oferta\/#breadcrumb"},"inLanguage":"en-US","potentialAction":[{"@type":"ReadAction","target":["https:\/\/www.calsina-carre.com\/fr\/pide-oferta\/"]}]},{"@type":"BreadcrumbList","@id":"https:\/\/www.calsina-carre.com\/fr\/pide-oferta\/#breadcrumb","itemListElement":[{"@type":"ListItem","position":1,"name":"Portada","item":"https:\/\/www.calsina-carre.com\/"},{"@type":"ListItem","position":2,"name":"Pide oferta"}]},{"@type":"WebSite","@id":"https:\/\/www.calsina-carre.com\/ca\/#website","url":"https:\/\/www.calsina-carre.com\/ca\/","name":"Calsina Carr\u00e9 Transports &amp; Logistics","description":"Transports &amp; Logistics","publisher":{"@id":"https:\/\/www.calsina-carre.com\/ca\/#organization"},"potentialAction":[{"@type":"SearchAction","target":{"@type":"EntryPoint","urlTemplate":"https:\/\/www.calsina-carre.com\/ca\/?s={search_term_string}"},"query-input":{"@type":"PropertyValueSpecification","valueRequired":true,"valueName":"search_term_string"}}],"inLanguage":"en-US"},{"@type":"Organization","@id":"https:\/\/www.calsina-carre.com\/ca\/#organization","name":"Calsina Carr\u00e9 Transports &amp; Logistics","url":"https:\/\/www.calsina-carre.com\/ca\/","logo":{"@type":"ImageObject","inLanguage":"en-US","@id":"https:\/\/www.calsina-carre.com\/ca\/#\/schema\/logo\/image\/","url":"https:\/\/www.calsina-carre.com\/wp-content\/uploads\/2021\/01\/LOGO-CALSINA-CARRE.png","contentUrl":"https:\/\/www.calsina-carre.com\/wp-content\/uploads\/2021\/01\/LOGO-CALSINA-CARRE.png","width":1682,"height":1029,"caption":"Calsina Carr\u00e9 Transports &amp; Logistics"},"image":{"@id":"https:\/\/www.calsina-carre.com\/ca\/#\/schema\/logo\/image\/"}}]}},"_links":{"self":[{"href":"https:\/\/www.calsina-carre.com\/en\/wp-json\/wp\/v2\/pages\/7952","targetHints":{"allow":["GET"]}}],"collection":[{"href":"https:\/\/www.calsina-carre.com\/en\/wp-json\/wp\/v2\/pages"}],"about":[{"href":"https:\/\/www.calsina-carre.com\/en\/wp-json\/wp\/v2\/types\/page"}],"author":[{"embeddable":true,"href":"https:\/\/www.calsina-carre.com\/en\/wp-json\/wp\/v2\/users\/1"}],"replies":[{"embeddable":true,"href":"https:\/\/www.calsina-carre.com\/en\/wp-json\/wp\/v2\/comments?post=7952"}],"version-history":[{"count":0,"href":"https:\/\/www.calsina-carre.com\/en\/wp-json\/wp\/v2\/pages\/7952\/revisions"}],"wp:attachment":[{"href":"https:\/\/www.calsina-carre.com\/en\/wp-json\/wp\/v2\/media?parent=7952"}],"curies":[{"name":"wp","href":"https:\/\/api.w.org\/{rel}","templated":true}]}}