{"id":13602,"date":"2021-10-13T13:48:08","date_gmt":"2021-10-13T13:48:08","guid":{"rendered":"https:\/\/calsinacarre.agenciafactoria.com\/?page_id=13602"},"modified":"2021-10-13T13:48:08","modified_gmt":"2021-10-13T13:48:08","slug":"aviso-legal","status":"publish","type":"page","link":"https:\/\/www.calsina-carre.com\/fr\/aviso-legal\/","title":{"rendered":"Aviso legal"},"content":{"rendered":"<p><span style=\"color: #0b4da0;\"><b>AV\u00cdS LEGAL<\/b><\/span><\/p>\n<p>&nbsp;<\/p>\n<p><span style=\"font-weight: 400;\">Benvingut a la plana Web de Grup Calsina Carr\u00e9, SL. A continuaci\u00f3 li exposem les condicions d&#8217;\u00fas d&#8217;aquesta plana WEB. La navegaci\u00f3 per aquesta plana WEB li atorga el rol d&#8217;usuari i per tant accepta les cl\u00e0usules detallades en aquest document.<\/span><\/p>\n<p><span style=\"color: #0b4da0;\"><b>1- IDENTIFICACI\u00d3<\/b><\/span><\/p>\n<p><span style=\"font-weight: 400;\">En compliment del que prev\u00e9 l&#8217;article 10 de la llei 34\/2002, de 11 de juliol, de serveis de la societat de la informaci\u00f3 i comer\u00e7 electr\u00f2nic, s&#8217;informa que calsina-carre.com \u00e9s un domini de l&#8217;empresa Transportes Calsina y Carr\u00e9 SL amb domicili social a Cam\u00ed del Roure num. 5 de 17706 Pont de Molins, tel\u00e8fon 972 529 211 i fax 972 529 351, amb correu electr\u00f2nic info@calsina-carre.com. La societat es denomina Transportes Calsina y Carr\u00e9 SL amb el CIF B-17019373 que figura inscrita al registre mercantil de Girona, al Tom 370, Foli 129, Fulla n\u00famero GI-7272, inscripci\u00f3 19a.<\/span><\/p>\n<p><span style=\"color: #0b4da0;\"><b>2- NORMES D&#8217;UTILITZACI\u00d3<\/b><\/span><\/p>\n<p><span style=\"font-weight: 400;\">Com usuari d&#8217;aquesta WEB , ha de utilitzar de forma responsable els serveis i continguts que ofereix, respectant en tot moment la legalitat vigent. Queda prohibit realitzar per part seva, qualsevol acci\u00f3 que pugui provocar alteracions dels continguts d&#8217;aquesta WEB o un mal funcionament de la mateixa , incloent la introducci\u00f3 de virus o similars.<\/span><\/p>\n<p><span style=\"color: #0b4da0;\"><b>3- PROPIETAT INTEL\u00b7LECTUAL<\/b><\/span><\/p>\n<p><span style=\"font-weight: 400;\">Les p\u00e0gines del WEB i la informaci\u00f3 o els elements que cont\u00e9, inclouen textos, documents, fotografies, dibuixos, representacions gr\u00e0fiques, bases de dades, v\u00eddeos , i tamb\u00e9 logotips, marques, noms comercials, o altres signes distintius , estan protegits per drets de propietat intel\u00b7lectual o industrial, dels quals Transportes Calsina y Carr\u00e9 SL o les empreses del seu grup s\u00f3n titulars o llicenciat\u00e0ries leg\u00edtimes. Queda prohibida qualsevol modalitat d&#8217;explotaci\u00f3, incloent-hi qualsevol tipus de reproducci\u00f3, distribuci\u00f3, cessi\u00f3 a tercers, comunicaci\u00f3 p\u00fablica i transformaci\u00f3, mitjan\u00e7ant qualsevol mena de suport i mitj\u00e0, sense l&#8217;autoritzaci\u00f3 pr\u00e8via i expressa.<\/span><\/p>\n<p><span style=\"color: #0b4da0;\"><b>4- RESPONSABILITAT<\/b><\/span><\/p>\n<p><span style=\"font-weight: 400;\">La nostre intenci\u00f3 es la de oferir un lloc WEB que ofereixi un funcionament continuat i de m\u00e0xima qualitat. De totes maneres, li informem que no podem garantir l&#8217;acc\u00e9s continuat, i que les p\u00e0gines es poden trobar impedides, o interrompudes per factors o circumst\u00e0ncies alienes a la nostra voluntat. Transportes Calsina y Carr\u00e9 SL no \u00e9s responsable de la informaci\u00f3 i altres continguts integrats en espais o p\u00e0gines web de tercers accessibles mitjan\u00e7ant enlla\u00e7os, hipervincles o links.<\/span><\/p>\n<p><span style=\"color: #0b4da0;\"><b>5- GRUP CALSINA CARR\u00c9<\/b><\/span><\/p>\n<p><span style=\"font-weight: 400;\">El GRUP CALSINA CARR\u00c9, est\u00e0 format per les seg\u00fcents empreses:<\/span><\/p>\n<table>\n<tbody>\n<tr>\n<td><span style=\"font-weight: 400;\">EMPRESA<\/span><\/td>\n<td><span style=\"font-weight: 400;\">DIRECCI\u00d3<\/span><\/td>\n<td><span style=\"font-weight: 400;\">CIF<\/span><\/td>\n<\/tr>\n<tr>\n<td><span style=\"font-weight: 400;\">TRANSPORTES CALSINA i CARR\u00c9 S.L<\/span><\/td>\n<td><span style=\"font-weight: 400;\">Cam\u00ed del Roure n\u00ba 5.\u00a0<\/span><span style=\"font-weight: 400;\"><br \/>\n<\/span><span style=\"font-weight: 400;\">17706 Pont de Molins.<\/span><\/td>\n<td><span style=\"font-weight: 400;\">B17019373<\/span><\/td>\n<\/tr>\n<tr>\n<td><span style=\"font-weight: 400;\">EUROPEAN LOGISTICS SARL<\/span><\/td>\n<td><span style=\"font-weight: 400;\">Serelor Street, 23<\/span><span style=\"font-weight: 400;\"><br \/>\n<\/span><span style=\"font-weight: 400;\">117045 Bascov (Arges County)<\/span><\/td>\n<td><span style=\"font-weight: 400;\">RO17650750<\/span><\/td>\n<\/tr>\n<tr>\n<td><span style=\"font-weight: 400;\">CALSINA CARR\u00c9 BENELUX<\/span><\/td>\n<td><span style=\"font-weight: 400;\">COLUMBUSWEG, 20<\/span><span style=\"font-weight: 400;\"><br \/>\n<\/span><span style=\"font-weight: 400;\">5928 LC Venlo &#8211; NL<\/span><\/td>\n<td><span style=\"font-weight: 400;\">NL854371199B01<\/span><\/td>\n<\/tr>\n<tr>\n<td><span style=\"font-weight: 400;\">CALSINA CARR\u00c9 FRANCE<\/span><\/td>\n<td><span style=\"font-weight: 400;\">Garonor Est &#8211; Entr\u00e9e nr 1<\/span><span style=\"font-weight: 400;\"><br \/>\n<\/span><span style=\"font-weight: 400;\">B\u00e2timent 11 &#8211; Cellules A &amp; B\u00a0<\/span><span style=\"font-weight: 400;\"><br \/>\n<\/span><span style=\"font-weight: 400;\">93 600 Aulnay-Sous-Bois<\/span><\/td>\n<td><span style=\"font-weight: 400;\">FR42504052168<\/span><\/td>\n<\/tr>\n<\/tbody>\n<\/table>\n<p>&nbsp;<\/p>","protected":false},"excerpt":{"rendered":"<p>AV\u00cdS LEGAL &nbsp; Benvingut a la plana Web de Grup Calsina Carr\u00e9, SL. A continuaci\u00f3 li exposem les condicions d&#8217;\u00fas d&#8217;aquesta plana WEB. La navegaci\u00f3 per aquesta plana WEB li atorga el rol d&#8217;usuari i per tant accepta les cl\u00e0usules detallades en aquest document. 1- IDENTIFICACI\u00d3 En compliment del que prev\u00e9 l&#8217;article 10 de la [&hellip;]<\/p>\n","protected":false},"author":1,"featured_media":0,"parent":0,"menu_order":0,"comment_status":"closed","ping_status":"closed","template":"","meta":{"site-sidebar-layout":"default","site-content-layout":"default","ast-site-content-layout":"default","site-content-style":"default","site-sidebar-style":"default","ast-global-header-display":"","ast-banner-title-visibility":"","ast-main-header-display":"","ast-hfb-above-header-display":"","ast-hfb-below-header-display":"","ast-hfb-mobile-header-display":"","site-post-title":"","ast-breadcrumbs-content":"","ast-featured-img":"","footer-sml-layout":"","ast-disable-related-posts":"","theme-transparent-header-meta":"default","adv-header-id-meta":"","stick-header-meta":"","header-above-stick-meta":"","header-main-stick-meta":"","header-below-stick-meta":"","astra-migrate-meta-layouts":"default","ast-page-background-enabled":"default","ast-page-background-meta":{"desktop":{"background-color":"","background-image":"","background-repeat":"repeat","background-position":"center center","background-size":"auto","background-attachment":"scroll","background-type":"","background-media":"","overlay-type":"","overlay-color":"","overlay-opacity":"","overlay-gradient":""},"tablet":{"background-color":"","background-image":"","background-repeat":"repeat","background-position":"center center","background-size":"auto","background-attachment":"scroll","background-type":"","background-media":"","overlay-type":"","overlay-color":"","overlay-opacity":"","overlay-gradient":""},"mobile":{"background-color":"","background-image":"","background-repeat":"repeat","background-position":"center center","background-size":"auto","background-attachment":"scroll","background-type":"","background-media":"","overlay-type":"","overlay-color":"","overlay-opacity":"","overlay-gradient":""}},"ast-content-background-meta":{"desktop":{"background-color":"var(--ast-global-color-5)","background-image":"","background-repeat":"repeat","background-position":"center center","background-size":"auto","background-attachment":"scroll","background-type":"","background-media":"","overlay-type":"","overlay-color":"","overlay-opacity":"","overlay-gradient":""},"tablet":{"background-color":"var(--ast-global-color-5)","background-image":"","background-repeat":"repeat","background-position":"center center","background-size":"auto","background-attachment":"scroll","background-type":"","background-media":"","overlay-type":"","overlay-color":"","overlay-opacity":"","overlay-gradient":""},"mobile":{"background-color":"var(--ast-global-color-5)","background-image":"","background-repeat":"repeat","background-position":"center center","background-size":"auto","background-attachment":"scroll","background-type":"","background-media":"","overlay-type":"","overlay-color":"","overlay-opacity":"","overlay-gradient":""}},"footnotes":""},"class_list":["post-13602","page","type-page","status-publish","hentry"],"yoast_head":"<!-- This site is optimized with the Yoast SEO plugin v27.3 - https:\/\/yoast.com\/product\/yoast-seo-wordpress\/ -->\n<title>Aviso legal - Calsina Carr\u00e9 Transports &amp; Logistics<\/title>\n<meta name=\"robots\" content=\"index, follow, max-snippet:-1, max-image-preview:large, max-video-preview:-1\" \/>\n<link rel=\"canonical\" href=\"https:\/\/www.calsina-carre.com\/fr\/aviso-legal\/\" \/>\n<meta property=\"og:locale\" content=\"fr_FR\" \/>\n<meta property=\"og:type\" content=\"article\" \/>\n<meta property=\"og:title\" content=\"Aviso legal - Calsina Carr\u00e9 Transports &amp; Logistics\" \/>\n<meta property=\"og:description\" content=\"AV\u00cdS LEGAL &nbsp; Benvingut a la plana Web de Grup Calsina Carr\u00e9, SL. A continuaci\u00f3 li exposem les condicions d&#8217;\u00fas d&#8217;aquesta plana WEB. La navegaci\u00f3 per aquesta plana WEB li atorga el rol d&#8217;usuari i per tant accepta les cl\u00e0usules detallades en aquest document. 1- IDENTIFICACI\u00d3 En compliment del que prev\u00e9 l&#8217;article 10 de la [&hellip;]\" \/>\n<meta property=\"og:url\" content=\"https:\/\/www.calsina-carre.com\/fr\/aviso-legal\/\" \/>\n<meta property=\"og:site_name\" content=\"Calsina Carr\u00e9 Transports &amp; Logistics\" \/>\n<meta name=\"twitter:card\" content=\"summary_large_image\" \/>\n<meta name=\"twitter:label1\" content=\"Dur\u00e9e de lecture estim\u00e9e\" \/>\n\t<meta name=\"twitter:data1\" content=\"2 minutes\" \/>\n<script type=\"application\/ld+json\" class=\"yoast-schema-graph\">{\"@context\":\"https:\\\/\\\/schema.org\",\"@graph\":[{\"@type\":\"WebPage\",\"@id\":\"https:\\\/\\\/www.calsina-carre.com\\\/aviso-legal\\\/\",\"url\":\"https:\\\/\\\/www.calsina-carre.com\\\/aviso-legal\\\/\",\"name\":\"Aviso legal - Calsina Carr\u00e9 Transports &amp; Logistics\",\"isPartOf\":{\"@id\":\"https:\\\/\\\/www.calsina-carre.com\\\/ca\\\/#website\"},\"datePublished\":\"2021-10-13T13:48:08+00:00\",\"breadcrumb\":{\"@id\":\"https:\\\/\\\/www.calsina-carre.com\\\/aviso-legal\\\/#breadcrumb\"},\"inLanguage\":\"fr-FR\",\"potentialAction\":[{\"@type\":\"ReadAction\",\"target\":[\"https:\\\/\\\/www.calsina-carre.com\\\/aviso-legal\\\/\"]}]},{\"@type\":\"BreadcrumbList\",\"@id\":\"https:\\\/\\\/www.calsina-carre.com\\\/aviso-legal\\\/#breadcrumb\",\"itemListElement\":[{\"@type\":\"ListItem\",\"position\":1,\"name\":\"Portada\",\"item\":\"https:\\\/\\\/www.calsina-carre.com\\\/\"},{\"@type\":\"ListItem\",\"position\":2,\"name\":\"Aviso legal\"}]},{\"@type\":\"WebSite\",\"@id\":\"https:\\\/\\\/www.calsina-carre.com\\\/ca\\\/#website\",\"url\":\"https:\\\/\\\/www.calsina-carre.com\\\/ca\\\/\",\"name\":\"Calsina Carr\u00e9 Transports &amp; Logistics\",\"description\":\"Transports &amp; Logistics\",\"publisher\":{\"@id\":\"https:\\\/\\\/www.calsina-carre.com\\\/ca\\\/#organization\"},\"potentialAction\":[{\"@type\":\"SearchAction\",\"target\":{\"@type\":\"EntryPoint\",\"urlTemplate\":\"https:\\\/\\\/www.calsina-carre.com\\\/ca\\\/?s={search_term_string}\"},\"query-input\":{\"@type\":\"PropertyValueSpecification\",\"valueRequired\":true,\"valueName\":\"search_term_string\"}}],\"inLanguage\":\"fr-FR\"},{\"@type\":\"Organization\",\"@id\":\"https:\\\/\\\/www.calsina-carre.com\\\/ca\\\/#organization\",\"name\":\"Calsina Carr\u00e9 Transports &amp; Logistics\",\"url\":\"https:\\\/\\\/www.calsina-carre.com\\\/ca\\\/\",\"logo\":{\"@type\":\"ImageObject\",\"inLanguage\":\"fr-FR\",\"@id\":\"https:\\\/\\\/www.calsina-carre.com\\\/ca\\\/#\\\/schema\\\/logo\\\/image\\\/\",\"url\":\"https:\\\/\\\/www.calsina-carre.com\\\/wp-content\\\/uploads\\\/2021\\\/01\\\/LOGO-CALSINA-CARRE.png\",\"contentUrl\":\"https:\\\/\\\/www.calsina-carre.com\\\/wp-content\\\/uploads\\\/2021\\\/01\\\/LOGO-CALSINA-CARRE.png\",\"width\":1682,\"height\":1029,\"caption\":\"Calsina Carr\u00e9 Transports &amp; Logistics\"},\"image\":{\"@id\":\"https:\\\/\\\/www.calsina-carre.com\\\/ca\\\/#\\\/schema\\\/logo\\\/image\\\/\"}}]}<\/script>\n<!-- \/ Yoast SEO plugin. -->","yoast_head_json":{"title":"Aviso legal - Calsina Carr\u00e9 Transports &amp; Logistics","robots":{"index":"index","follow":"follow","max-snippet":"max-snippet:-1","max-image-preview":"max-image-preview:large","max-video-preview":"max-video-preview:-1"},"canonical":"https:\/\/www.calsina-carre.com\/fr\/aviso-legal\/","og_locale":"fr_FR","og_type":"article","og_title":"Aviso legal - Calsina Carr\u00e9 Transports &amp; Logistics","og_description":"AV\u00cdS LEGAL &nbsp; Benvingut a la plana Web de Grup Calsina Carr\u00e9, SL. A continuaci\u00f3 li exposem les condicions d&#8217;\u00fas d&#8217;aquesta plana WEB. La navegaci\u00f3 per aquesta plana WEB li atorga el rol d&#8217;usuari i per tant accepta les cl\u00e0usules detallades en aquest document. 1- IDENTIFICACI\u00d3 En compliment del que prev\u00e9 l&#8217;article 10 de la [&hellip;]","og_url":"https:\/\/www.calsina-carre.com\/fr\/aviso-legal\/","og_site_name":"Calsina Carr\u00e9 Transports &amp; Logistics","twitter_card":"summary_large_image","twitter_misc":{"Dur\u00e9e de lecture estim\u00e9e":"2 minutes"},"schema":{"@context":"https:\/\/schema.org","@graph":[{"@type":"WebPage","@id":"https:\/\/www.calsina-carre.com\/aviso-legal\/","url":"https:\/\/www.calsina-carre.com\/aviso-legal\/","name":"Aviso legal - Calsina Carr\u00e9 Transports &amp; Logistics","isPartOf":{"@id":"https:\/\/www.calsina-carre.com\/ca\/#website"},"datePublished":"2021-10-13T13:48:08+00:00","breadcrumb":{"@id":"https:\/\/www.calsina-carre.com\/aviso-legal\/#breadcrumb"},"inLanguage":"fr-FR","potentialAction":[{"@type":"ReadAction","target":["https:\/\/www.calsina-carre.com\/aviso-legal\/"]}]},{"@type":"BreadcrumbList","@id":"https:\/\/www.calsina-carre.com\/aviso-legal\/#breadcrumb","itemListElement":[{"@type":"ListItem","position":1,"name":"Portada","item":"https:\/\/www.calsina-carre.com\/"},{"@type":"ListItem","position":2,"name":"Aviso legal"}]},{"@type":"WebSite","@id":"https:\/\/www.calsina-carre.com\/ca\/#website","url":"https:\/\/www.calsina-carre.com\/ca\/","name":"Calsina Carr\u00e9 Transports &amp; Logistics","description":"Transports &amp; Logistics","publisher":{"@id":"https:\/\/www.calsina-carre.com\/ca\/#organization"},"potentialAction":[{"@type":"SearchAction","target":{"@type":"EntryPoint","urlTemplate":"https:\/\/www.calsina-carre.com\/ca\/?s={search_term_string}"},"query-input":{"@type":"PropertyValueSpecification","valueRequired":true,"valueName":"search_term_string"}}],"inLanguage":"fr-FR"},{"@type":"Organization","@id":"https:\/\/www.calsina-carre.com\/ca\/#organization","name":"Calsina Carr\u00e9 Transports &amp; Logistics","url":"https:\/\/www.calsina-carre.com\/ca\/","logo":{"@type":"ImageObject","inLanguage":"fr-FR","@id":"https:\/\/www.calsina-carre.com\/ca\/#\/schema\/logo\/image\/","url":"https:\/\/www.calsina-carre.com\/wp-content\/uploads\/2021\/01\/LOGO-CALSINA-CARRE.png","contentUrl":"https:\/\/www.calsina-carre.com\/wp-content\/uploads\/2021\/01\/LOGO-CALSINA-CARRE.png","width":1682,"height":1029,"caption":"Calsina Carr\u00e9 Transports &amp; Logistics"},"image":{"@id":"https:\/\/www.calsina-carre.com\/ca\/#\/schema\/logo\/image\/"}}]}},"_links":{"self":[{"href":"https:\/\/www.calsina-carre.com\/fr\/wp-json\/wp\/v2\/pages\/13602","targetHints":{"allow":["GET"]}}],"collection":[{"href":"https:\/\/www.calsina-carre.com\/fr\/wp-json\/wp\/v2\/pages"}],"about":[{"href":"https:\/\/www.calsina-carre.com\/fr\/wp-json\/wp\/v2\/types\/page"}],"author":[{"embeddable":true,"href":"https:\/\/www.calsina-carre.com\/fr\/wp-json\/wp\/v2\/users\/1"}],"replies":[{"embeddable":true,"href":"https:\/\/www.calsina-carre.com\/fr\/wp-json\/wp\/v2\/comments?post=13602"}],"version-history":[{"count":0,"href":"https:\/\/www.calsina-carre.com\/fr\/wp-json\/wp\/v2\/pages\/13602\/revisions"}],"wp:attachment":[{"href":"https:\/\/www.calsina-carre.com\/fr\/wp-json\/wp\/v2\/media?parent=13602"}],"curies":[{"name":"wp","href":"https:\/\/api.w.org\/{rel}","templated":true}]}}