{"id":15655,"date":"2023-05-04T12:32:15","date_gmt":"2023-05-04T10:32:15","guid":{"rendered":"https:\/\/www.calsina-carre.com\/?page_id=15655"},"modified":"2023-05-04T12:40:10","modified_gmt":"2023-05-04T10:40:10","slug":"fr-canal-etico","status":"publish","type":"page","link":"https:\/\/www.calsina-carre.com\/fr\/canal-etico\/","title":{"rendered":"Canal \u00c9thique"},"content":{"rendered":"<p class=\"p1\"><span class=\"s1\" style=\"color: #a2c7e2; font-size: 14pt;\"><b>Description du canal \u00e9thique :<\/b><\/span><\/p>\n<p class=\"p2\"><span class=\"s2\">Chez CALSINA CARRE, nous nous engageons \u00e0 faire preuve de transparence, d'honn\u00eatet\u00e9 et de respect dans notre fa\u00e7on d'agir, et nous nous effor\u00e7ons d'offrir le meilleur service tant \u00e0 notre personnel qu'\u00e0 nos clients et collaborateurs. <\/span><\/p>\n<p class=\"p2\"><span class=\"s2\">C'est pour cela que CALSINA CARRE a cr\u00e9\u00e9 le Canal \u00e9thique. Il s'agit d'un canal permettant de signaler tout \u00e9ventuel manquement ou irr\u00e9gularit\u00e9 au sein de l'organisation, conform\u00e9ment \u00e0 la loi 2\/2023 du 20 f\u00e9vrier r\u00e9glementant la protection des personnes qui signalent des infractions \u00e0 la r\u00e9glementation et la lutte contre la corruption.<\/span><\/p>\n<p class=\"p2\"><span class=\"s2\">Chez CALSINA CARRE, nous sommes convaincus que ce canal renforce notre culture de l'information et de la communication, tout en promouvant l'int\u00e9grit\u00e9 de notre organisation.<\/span><\/p>\n<p class=\"p1\"><span class=\"s1\" style=\"color: #a2c7e2; font-size: 14pt;\"><b>Communiquez \u00e0 travers le Canal \u00e9thique :<\/b><\/span><\/p>\n<p class=\"p4\"><span class=\"s2\">Voici comment vous pouvez signaler confidentiellement \u00e0 l'organisation toute conduite ou activit\u00e9 qui, conform\u00e9ment \u00e0 la loi 2\/2023 du 20 f\u00e9vrier, pourrait constituer une irr\u00e9gularit\u00e9.<\/span><\/p>\n<p class=\"p5\"><span class=\"s2\" style=\"font-size: 14pt;\"><b><span style=\"color: #a2c7e2;\">OPTION 1 : Envoyez une notification par le biais de l'APP mobile.<\/span> <\/b><\/span><\/p>\n<p class=\"p4\"><span class=\"s2\">Suivez ces instructions simples :<\/span><\/p>\n<ol class=\"ol1\">\n<li class=\"li6\"><span class=\"s3\">T\u00e9l\u00e9chargez l'application CO-RESOL. Elle est gratuite et disponible sur l'App Store et Google Play.<\/span><\/li>\n<li class=\"li6\"><span class=\"s3\">Cliquez sur le bouton \"click\" et entrez le code \"CALSINA\".<b>CALSINA\u201d<\/b>.<\/span><\/li>\n<li class=\"li6\"><span class=\"s3\">S\u00e9lectionnez l'option \"Canal \u00c8tic\". Calsina Carr\u00e9<\/span><\/li>\n<li class=\"li6\"><span class=\"s3\">R\u00e9digez votre message en essayant d'\u00eatre le plus pr\u00e9cis possible. Vous pouvez joindre des images et des documents \u00e0 votre message.<\/span><\/li>\n<li class=\"li6\"><span class=\"s3\">Identifiez-vous ou continuez de mani\u00e8re anonyme. Dans les deux cas, vous devez accepter la politique de confidentialit\u00e9.<\/span><\/li>\n<li class=\"li6\"><span class=\"s3\">c'est fait ! Vous recevrez un message indiquant que le clic a \u00e9t\u00e9 envoy\u00e9.<\/span><\/li>\n<\/ol>\n<p class=\"p7\"><span class=\"s2\"> <b> <img decoding=\"async\" class=\"alignnone size-medium wp-image-15656\" src=\"https:\/\/www.calsina-carre.com\/wp-content\/uploads\/2023\/05\/codigo-etico-web-300x158.png\" alt=\"\" width=\"300\" height=\"158\" srcset=\"https:\/\/www.calsina-carre.com\/wp-content\/uploads\/2023\/05\/codigo-etico-web-300x158.png 300w, https:\/\/www.calsina-carre.com\/wp-content\/uploads\/2023\/05\/codigo-etico-web-18x10.png 18w, https:\/\/www.calsina-carre.com\/wp-content\/uploads\/2023\/05\/codigo-etico-web.png 538w\" sizes=\"(max-width: 300px) 100vw, 300px\" \/><\/b><\/span><\/p>\n<p class=\"p2\"><span class=\"s2\">\u00c0 partir de ce moment, nous commencerons \u00e0 travailler pour r\u00e9soudre l'incident le plus rapidement possible et nous vous contacterons par le biais du chat de l'application pour obtenir plus d'informations ou pour vous informer de l'\u00e9tat d'avancement du traitement.<\/span><\/p>\n<p class=\"p5\"><span class=\"s2\" style=\"color: #a2c7e2; font-size: 14pt;\"><b>OPTION 2 : Envoyer une notification via le web<\/b><\/span><\/p>\n<p class=\"p2\"><span class=\"s2\">Au lieu de t\u00e9l\u00e9charger l'APP sur votre appareil mobile, vous avez \u00e9galement la possibilit\u00e9 d'envoyer des notifications via le lien suivant vers le site web de Co-resol. <\/span><\/p>\n<p class=\"p8 translation-block\">LIEN WEB : https:\/\/co-resol.bcnresol.com\/ca\/webclick<\/p>\n<p class=\"p8\"><span class=\"s2\">Une fois que vous avez acc\u00e9d\u00e9 \u00e0 la page web, vous devez :<\/span><\/p>\n<ol class=\"ol1\">\n<li class=\"li9\"><span class=\"s3\">cliquer sur l'option \"Make a click\". <\/span><\/li>\n<li class=\"li6\"><span class=\"s3\">Saisissez ensuite le mot-cl\u00e9 \"CALSINA\".<\/span><\/li>\n<li class=\"li6\"><span class=\"s3\">Escribir el mensaje de forma m\u00e1s espec\u00edfica y clara posible.<span class=\"Apple-converted-space\">\u00a0 <\/span>Podr\u00e1s adjuntar im\u00e1genes y documentos a la comunicaci\u00f3n.<\/span><\/li>\n<li class=\"li6\"><span class=\"s3\">Identifiez-vous ou continuez de mani\u00e8re anonyme. Dans les deux cas, vous devez accepter la politique de confidentialit\u00e9.<\/span><\/li>\n<li class=\"li6\"><span class=\"s3\">c'est fait ! Vous recevrez un message indiquant que le clic a \u00e9t\u00e9 envoy\u00e9.<\/span><\/li>\n<\/ol>\n<p class=\"p1\"><span class=\"s1\" style=\"font-size: 14pt; color: #a2c7e2;\"><b>Aspects relatifs \u00e0 l'utilisation et \u00e0 la gestion du canal<\/b><\/span><\/p>\n<p class=\"p12\"><span class=\"s2\">Nous vous informons que le canal permet aussi bien les premi\u00e8res communications que l'acc\u00e8s aux communications ant\u00e9rieures afin d'y donner suite.<\/span><\/p>\n<p class=\"p13\"><span class=\"s2\">De m\u00eame, nous vous informons que le canal garantit en permanence la confidentialit\u00e9 de la personne qui effectue la notification. Sauf si vous souhaitez volontairement vous identifier.<\/span><\/p>\n<p class=\"p2\"><span class=\"s2\">Nous vous rappelons \u00e9galement que le Canal d'\u00e9thique ne g\u00e8re que les activit\u00e9s li\u00e9es aux comportements irr\u00e9guliers d\u00e9crits dans la loi 2\/2023 du 20 f\u00e9vrier. <\/span><\/p>\n<p class=\"p2\"><span class=\"s2\">Pour toute autre question, veuillez contacter la section contact de notre site web : <a href=\"https:\/\/www.calsina-carre.com\/fr\/contacto\/\"><span class=\"s1\">https:\/\/www.calsina-carre.com\/contacto\/<\/span><\/a><\/span><\/p>\n<p class=\"p15\"><span class=\"s2\">Nous vous remercions de votre attention <\/span><\/p>","protected":false},"excerpt":{"rendered":"<p>Descripci\u00f3n del Canal \u00c9tico: En CALSINA CARR\u00c9 apostamos por la transparencia, la honestidad y el respeto en nuestra forma de actuar, y trabajamos para ofrecer el mejor servicio tanto a nuestra plantilla como a los clientes y colaboradores. Por ese motivo, CALSINA CARR\u00c9 ha creado el Canal \u00c9tico. Un canal donde se puede comunicar cualquier [&hellip;]<\/p>\n","protected":false},"author":1,"featured_media":0,"parent":0,"menu_order":0,"comment_status":"closed","ping_status":"closed","template":"","meta":{"site-sidebar-layout":"default","site-content-layout":"default","ast-site-content-layout":"default","site-content-style":"default","site-sidebar-style":"default","ast-global-header-display":"","ast-banner-title-visibility":"","ast-main-header-display":"","ast-hfb-above-header-display":"","ast-hfb-below-header-display":"","ast-hfb-mobile-header-display":"","site-post-title":"","ast-breadcrumbs-content":"","ast-featured-img":"","footer-sml-layout":"","ast-disable-related-posts":"","theme-transparent-header-meta":"default","adv-header-id-meta":"","stick-header-meta":"","header-above-stick-meta":"","header-main-stick-meta":"","header-below-stick-meta":"","astra-migrate-meta-layouts":"default","ast-page-background-enabled":"default","ast-page-background-meta":{"desktop":{"background-color":"","background-image":"","background-repeat":"repeat","background-position":"center center","background-size":"auto","background-attachment":"scroll","background-type":"","background-media":"","overlay-type":"","overlay-color":"","overlay-opacity":"","overlay-gradient":""},"tablet":{"background-color":"","background-image":"","background-repeat":"repeat","background-position":"center center","background-size":"auto","background-attachment":"scroll","background-type":"","background-media":"","overlay-type":"","overlay-color":"","overlay-opacity":"","overlay-gradient":""},"mobile":{"background-color":"","background-image":"","background-repeat":"repeat","background-position":"center center","background-size":"auto","background-attachment":"scroll","background-type":"","background-media":"","overlay-type":"","overlay-color":"","overlay-opacity":"","overlay-gradient":""}},"ast-content-background-meta":{"desktop":{"background-color":"var(--ast-global-color-5)","background-image":"","background-repeat":"repeat","background-position":"center center","background-size":"auto","background-attachment":"scroll","background-type":"","background-media":"","overlay-type":"","overlay-color":"","overlay-opacity":"","overlay-gradient":""},"tablet":{"background-color":"var(--ast-global-color-5)","background-image":"","background-repeat":"repeat","background-position":"center center","background-size":"auto","background-attachment":"scroll","background-type":"","background-media":"","overlay-type":"","overlay-color":"","overlay-opacity":"","overlay-gradient":""},"mobile":{"background-color":"var(--ast-global-color-5)","background-image":"","background-repeat":"repeat","background-position":"center center","background-size":"auto","background-attachment":"scroll","background-type":"","background-media":"","overlay-type":"","overlay-color":"","overlay-opacity":"","overlay-gradient":""}},"footnotes":""},"class_list":["post-15655","page","type-page","status-publish","hentry"],"yoast_head":"<!-- This site is optimized with the Yoast SEO plugin v27.3 - https:\/\/yoast.com\/product\/yoast-seo-wordpress\/ -->\n<title>Canal \u00e9tico - Calsina Carr\u00e9 Transports &amp; Logistics<\/title>\n<meta name=\"robots\" content=\"index, follow, max-snippet:-1, max-image-preview:large, max-video-preview:-1\" \/>\n<link rel=\"canonical\" href=\"https:\/\/www.calsina-carre.com\/fr\/fr-canal-etico\/\" \/>\n<meta property=\"og:locale\" content=\"fr_FR\" \/>\n<meta property=\"og:type\" content=\"article\" \/>\n<meta property=\"og:title\" content=\"Canal \u00e9tico - Calsina Carr\u00e9 Transports &amp; Logistics\" \/>\n<meta property=\"og:description\" content=\"Descripci\u00f3n del Canal \u00c9tico: En CALSINA CARR\u00c9 apostamos por la transparencia, la honestidad y el respeto en nuestra forma de actuar, y trabajamos para ofrecer el mejor servicio tanto a nuestra plantilla como a los clientes y colaboradores. Por ese motivo, CALSINA CARR\u00c9 ha creado el Canal \u00c9tico. Un canal donde se puede comunicar cualquier [&hellip;]\" \/>\n<meta property=\"og:url\" content=\"https:\/\/www.calsina-carre.com\/fr\/fr-canal-etico\/\" \/>\n<meta property=\"og:site_name\" content=\"Calsina Carr\u00e9 Transports &amp; Logistics\" \/>\n<meta property=\"article:modified_time\" content=\"2023-05-04T10:40:10+00:00\" \/>\n<meta property=\"og:image\" content=\"https:\/\/www.calsina-carre.com\/wp-content\/uploads\/2023\/05\/codigo-etico-web-300x158.png\" \/>\n<meta name=\"twitter:card\" content=\"summary_large_image\" \/>\n<meta name=\"twitter:label1\" content=\"Dur\u00e9e de lecture estim\u00e9e\" \/>\n\t<meta name=\"twitter:data1\" content=\"3 minutes\" \/>\n<script type=\"application\/ld+json\" class=\"yoast-schema-graph\">{\"@context\":\"https:\\\/\\\/schema.org\",\"@graph\":[{\"@type\":\"WebPage\",\"@id\":\"https:\\\/\\\/www.calsina-carre.com\\\/en\\\/canal-etico\\\/\",\"url\":\"https:\\\/\\\/www.calsina-carre.com\\\/en\\\/canal-etico\\\/\",\"name\":\"Canal \u00e9tico - Calsina Carr\u00e9 Transports &amp; Logistics\",\"isPartOf\":{\"@id\":\"https:\\\/\\\/www.calsina-carre.com\\\/ca\\\/#website\"},\"primaryImageOfPage\":{\"@id\":\"https:\\\/\\\/www.calsina-carre.com\\\/en\\\/canal-etico\\\/#primaryimage\"},\"image\":{\"@id\":\"https:\\\/\\\/www.calsina-carre.com\\\/en\\\/canal-etico\\\/#primaryimage\"},\"thumbnailUrl\":\"https:\\\/\\\/www.calsina-carre.com\\\/wp-content\\\/uploads\\\/2023\\\/05\\\/codigo-etico-web-300x158.png\",\"datePublished\":\"2023-05-04T10:32:15+00:00\",\"dateModified\":\"2023-05-04T10:40:10+00:00\",\"breadcrumb\":{\"@id\":\"https:\\\/\\\/www.calsina-carre.com\\\/en\\\/canal-etico\\\/#breadcrumb\"},\"inLanguage\":\"fr-FR\",\"potentialAction\":[{\"@type\":\"ReadAction\",\"target\":[\"https:\\\/\\\/www.calsina-carre.com\\\/en\\\/canal-etico\\\/\"]}]},{\"@type\":\"ImageObject\",\"inLanguage\":\"fr-FR\",\"@id\":\"https:\\\/\\\/www.calsina-carre.com\\\/en\\\/canal-etico\\\/#primaryimage\",\"url\":\"https:\\\/\\\/www.calsina-carre.com\\\/wp-content\\\/uploads\\\/2023\\\/05\\\/codigo-etico-web-300x158.png\",\"contentUrl\":\"https:\\\/\\\/www.calsina-carre.com\\\/wp-content\\\/uploads\\\/2023\\\/05\\\/codigo-etico-web-300x158.png\"},{\"@type\":\"BreadcrumbList\",\"@id\":\"https:\\\/\\\/www.calsina-carre.com\\\/en\\\/canal-etico\\\/#breadcrumb\",\"itemListElement\":[{\"@type\":\"ListItem\",\"position\":1,\"name\":\"Portada\",\"item\":\"https:\\\/\\\/www.calsina-carre.com\\\/\"},{\"@type\":\"ListItem\",\"position\":2,\"name\":\"Canal \u00e9tico\"}]},{\"@type\":\"WebSite\",\"@id\":\"https:\\\/\\\/www.calsina-carre.com\\\/ca\\\/#website\",\"url\":\"https:\\\/\\\/www.calsina-carre.com\\\/ca\\\/\",\"name\":\"Calsina Carr\u00e9 Transports &amp; Logistics\",\"description\":\"Transports &amp; Logistics\",\"publisher\":{\"@id\":\"https:\\\/\\\/www.calsina-carre.com\\\/ca\\\/#organization\"},\"potentialAction\":[{\"@type\":\"SearchAction\",\"target\":{\"@type\":\"EntryPoint\",\"urlTemplate\":\"https:\\\/\\\/www.calsina-carre.com\\\/ca\\\/?s={search_term_string}\"},\"query-input\":{\"@type\":\"PropertyValueSpecification\",\"valueRequired\":true,\"valueName\":\"search_term_string\"}}],\"inLanguage\":\"fr-FR\"},{\"@type\":\"Organization\",\"@id\":\"https:\\\/\\\/www.calsina-carre.com\\\/ca\\\/#organization\",\"name\":\"Calsina Carr\u00e9 Transports &amp; Logistics\",\"url\":\"https:\\\/\\\/www.calsina-carre.com\\\/ca\\\/\",\"logo\":{\"@type\":\"ImageObject\",\"inLanguage\":\"fr-FR\",\"@id\":\"https:\\\/\\\/www.calsina-carre.com\\\/ca\\\/#\\\/schema\\\/logo\\\/image\\\/\",\"url\":\"https:\\\/\\\/www.calsina-carre.com\\\/wp-content\\\/uploads\\\/2021\\\/01\\\/LOGO-CALSINA-CARRE.png\",\"contentUrl\":\"https:\\\/\\\/www.calsina-carre.com\\\/wp-content\\\/uploads\\\/2021\\\/01\\\/LOGO-CALSINA-CARRE.png\",\"width\":1682,\"height\":1029,\"caption\":\"Calsina Carr\u00e9 Transports &amp; Logistics\"},\"image\":{\"@id\":\"https:\\\/\\\/www.calsina-carre.com\\\/ca\\\/#\\\/schema\\\/logo\\\/image\\\/\"}}]}<\/script>\n<!-- \/ Yoast SEO plugin. -->","yoast_head_json":{"title":"Canal \u00e9tico - Calsina Carr\u00e9 Transports &amp; Logistics","robots":{"index":"index","follow":"follow","max-snippet":"max-snippet:-1","max-image-preview":"max-image-preview:large","max-video-preview":"max-video-preview:-1"},"canonical":"https:\/\/www.calsina-carre.com\/fr\/fr-canal-etico\/","og_locale":"fr_FR","og_type":"article","og_title":"Canal \u00e9tico - Calsina Carr\u00e9 Transports &amp; Logistics","og_description":"Descripci\u00f3n del Canal \u00c9tico: En CALSINA CARR\u00c9 apostamos por la transparencia, la honestidad y el respeto en nuestra forma de actuar, y trabajamos para ofrecer el mejor servicio tanto a nuestra plantilla como a los clientes y colaboradores. Por ese motivo, CALSINA CARR\u00c9 ha creado el Canal \u00c9tico. Un canal donde se puede comunicar cualquier [&hellip;]","og_url":"https:\/\/www.calsina-carre.com\/fr\/fr-canal-etico\/","og_site_name":"Calsina Carr\u00e9 Transports &amp; Logistics","article_modified_time":"2023-05-04T10:40:10+00:00","og_image":[{"url":"https:\/\/www.calsina-carre.com\/wp-content\/uploads\/2023\/05\/codigo-etico-web-300x158.png","type":"","width":"","height":""}],"twitter_card":"summary_large_image","twitter_misc":{"Dur\u00e9e de lecture estim\u00e9e":"3 minutes"},"schema":{"@context":"https:\/\/schema.org","@graph":[{"@type":"WebPage","@id":"https:\/\/www.calsina-carre.com\/en\/canal-etico\/","url":"https:\/\/www.calsina-carre.com\/en\/canal-etico\/","name":"Canal \u00e9tico - Calsina Carr\u00e9 Transports &amp; Logistics","isPartOf":{"@id":"https:\/\/www.calsina-carre.com\/ca\/#website"},"primaryImageOfPage":{"@id":"https:\/\/www.calsina-carre.com\/en\/canal-etico\/#primaryimage"},"image":{"@id":"https:\/\/www.calsina-carre.com\/en\/canal-etico\/#primaryimage"},"thumbnailUrl":"https:\/\/www.calsina-carre.com\/wp-content\/uploads\/2023\/05\/codigo-etico-web-300x158.png","datePublished":"2023-05-04T10:32:15+00:00","dateModified":"2023-05-04T10:40:10+00:00","breadcrumb":{"@id":"https:\/\/www.calsina-carre.com\/en\/canal-etico\/#breadcrumb"},"inLanguage":"fr-FR","potentialAction":[{"@type":"ReadAction","target":["https:\/\/www.calsina-carre.com\/en\/canal-etico\/"]}]},{"@type":"ImageObject","inLanguage":"fr-FR","@id":"https:\/\/www.calsina-carre.com\/en\/canal-etico\/#primaryimage","url":"https:\/\/www.calsina-carre.com\/wp-content\/uploads\/2023\/05\/codigo-etico-web-300x158.png","contentUrl":"https:\/\/www.calsina-carre.com\/wp-content\/uploads\/2023\/05\/codigo-etico-web-300x158.png"},{"@type":"BreadcrumbList","@id":"https:\/\/www.calsina-carre.com\/en\/canal-etico\/#breadcrumb","itemListElement":[{"@type":"ListItem","position":1,"name":"Portada","item":"https:\/\/www.calsina-carre.com\/"},{"@type":"ListItem","position":2,"name":"Canal \u00e9tico"}]},{"@type":"WebSite","@id":"https:\/\/www.calsina-carre.com\/ca\/#website","url":"https:\/\/www.calsina-carre.com\/ca\/","name":"Calsina Carr\u00e9 Transports &amp; Logistics","description":"Transports &amp; Logistics","publisher":{"@id":"https:\/\/www.calsina-carre.com\/ca\/#organization"},"potentialAction":[{"@type":"SearchAction","target":{"@type":"EntryPoint","urlTemplate":"https:\/\/www.calsina-carre.com\/ca\/?s={search_term_string}"},"query-input":{"@type":"PropertyValueSpecification","valueRequired":true,"valueName":"search_term_string"}}],"inLanguage":"fr-FR"},{"@type":"Organization","@id":"https:\/\/www.calsina-carre.com\/ca\/#organization","name":"Calsina Carr\u00e9 Transports &amp; Logistics","url":"https:\/\/www.calsina-carre.com\/ca\/","logo":{"@type":"ImageObject","inLanguage":"fr-FR","@id":"https:\/\/www.calsina-carre.com\/ca\/#\/schema\/logo\/image\/","url":"https:\/\/www.calsina-carre.com\/wp-content\/uploads\/2021\/01\/LOGO-CALSINA-CARRE.png","contentUrl":"https:\/\/www.calsina-carre.com\/wp-content\/uploads\/2021\/01\/LOGO-CALSINA-CARRE.png","width":1682,"height":1029,"caption":"Calsina Carr\u00e9 Transports &amp; Logistics"},"image":{"@id":"https:\/\/www.calsina-carre.com\/ca\/#\/schema\/logo\/image\/"}}]}},"_links":{"self":[{"href":"https:\/\/www.calsina-carre.com\/fr\/wp-json\/wp\/v2\/pages\/15655","targetHints":{"allow":["GET"]}}],"collection":[{"href":"https:\/\/www.calsina-carre.com\/fr\/wp-json\/wp\/v2\/pages"}],"about":[{"href":"https:\/\/www.calsina-carre.com\/fr\/wp-json\/wp\/v2\/types\/page"}],"author":[{"embeddable":true,"href":"https:\/\/www.calsina-carre.com\/fr\/wp-json\/wp\/v2\/users\/1"}],"replies":[{"embeddable":true,"href":"https:\/\/www.calsina-carre.com\/fr\/wp-json\/wp\/v2\/comments?post=15655"}],"version-history":[{"count":0,"href":"https:\/\/www.calsina-carre.com\/fr\/wp-json\/wp\/v2\/pages\/15655\/revisions"}],"wp:attachment":[{"href":"https:\/\/www.calsina-carre.com\/fr\/wp-json\/wp\/v2\/media?parent=15655"}],"curies":[{"name":"wp","href":"https:\/\/api.w.org\/{rel}","templated":true}]}}